{"id":672,"date":"2020-07-06T14:33:39","date_gmt":"2020-07-06T18:33:39","guid":{"rendered":"https:\/\/www.brockhvac.com\/terms-and-conditions-of-use\/"},"modified":"2021-11-30T16:05:37","modified_gmt":"2021-11-30T21:05:37","slug":"conditions-dutilisation","status":"publish","type":"page","link":"https:\/\/www.brockhvac.com\/fr\/conditions-dutilisation\/","title":{"rendered":"Conditions d\u2019utilisation du site Web de Brock Canada"},"content":{"rendered":"<p><strong>COPYRIGHT ET LICENCE D\u2019UTILISATION<\/strong><br \/>\nBienvenue sur le site Web de Brock Chauffage et climatisation.<\/p>\n<p>Veuillez noter que l\u2019utilisation de ce site signifie que vous acceptez inconditionnellement de vous conformer \u00e0 ces conditions et d\u2019y \u00eatre li\u00e9. Bien que vous puissiez ajouter une partie pr\u00e9cise de ce site \u00e0 vos favoris et par le fait m\u00eame contourner cette page, votre utilisation de ce site vous lie toujours aux conditions d\u2019utilisation. Brock Chauffage et climatisation se r\u00e9serve le droit de mettre \u00e0 jour ou de modifier ces conditions d\u2019utilisation en tout temps et sans pr\u00e9avis. Si vous continuez d\u2019utiliser ce site apr\u00e8s de tels changements, vous acceptez inconditionnellement de vous conformer \u00e0 ces conditions dans leur version modifi\u00e9e, et d\u2019y \u00eatre li\u00e9. C\u2019est pourquoi nous vous invitons \u00e0 consulter ces conditions d\u2019utilisation lorsque vous visitez ce site.<\/p>\n<p>Tout le contenu de ce site, comme le texte, les \u00e9l\u00e9ments graphiques, les photos, les logos, les ic\u00f4nes de bouton, les images, les t\u00e9l\u00e9chargements num\u00e9riques, les compilations de donn\u00e9es et les logiciels, est la propri\u00e9t\u00e9 de Brock Chauffage et climatisation, ou de ses conc\u00e9dants ou d\u2019autres fournisseurs de contenu, et sont prot\u00e9g\u00e9s par les lois canadiennes et internationales en mati\u00e8re de droit d\u2019auteur. Vous ne pouvez pas modifier, copier, dupliquer, imprimer, archiver, distribuer, transmettre, afficher, ex\u00e9cuter, reproduire, modifier, publier, octroyer sous licence, transf\u00e9rer ou vendre quelque information, mat\u00e9riel, produit ou service que ce soit provenant du pr\u00e9sent site, ou produire une \u0153uvre d\u00e9riv\u00e9e de ceux-ci sans l\u2019autorisation \u00e9crite pr\u00e9alable de Brock Chauffage et climatisation. Sous r\u00e9serve des dispositions pr\u00e9c\u00e9dentes, vous pouvez consulter et imprimer le contenu de ce site pour une utilisation strictement priv\u00e9e, personnelle et non commerciale.<\/p>\n<p>Comme condition d\u2019utilisation de ce site, vous d\u00e9clarez et garantissez \u00e0 Brock Chauffage et climatisation que vous n\u2019utiliserez le site \u00e0 aucune fin ill\u00e9gale, immorale ou interdite par les pr\u00e9sentes conditions d\u2019utilisation, ou pour toute fin qui pourrait porter atteinte \u00e0 Brock Chauffage et climatisation, et \u00e0 ses divisions, unit\u00e9s commerciales et filiales. Si vous n\u2019acceptez pas sans modifications ces conditions d\u2019utilisation, ne vous servez pas du site. Outre l\u2019accord cr\u00e9\u00e9 par ces conditions d\u2019utilisation et toute entente entre Brock Chauffage et climatisation et vous pour ce qui est de la vente de produits ou de services, Brock Chauffage et climatisation ne conclura aucune entente avec vous ou n\u2019aura aucune obligation envers vous par l\u2019utilisation de ce site, et aucune tentative de cr\u00e9ation d\u2019une telle entente ou obligation ne sera en vigueur.<\/p>\n<p><strong>MARQUES DE COMMERCE<\/strong><br \/>\nLes marques de commerce, noms commerciaux, marques de service et logos (les \u00ab\u00a0<strong>marques de commerce<\/strong>\u00a0\u00bb) utilis\u00e9s et affich\u00e9s dans le pr\u00e9sent site sont des marques de commerce enregistr\u00e9es et non enregistr\u00e9es appartenant exclusivement \u00e0 Brock Chauffage et climatisation, ou \u00e0 ses affili\u00e9s ou autres, et sont prot\u00e9g\u00e9s par les lois en vigueur. Aucune condition d\u2019utilisation de ce site ne saurait \u00eatre consid\u00e9r\u00e9e ou interpr\u00e9t\u00e9e comme l\u2019octroi ou la cr\u00e9ation, implicite ou autrement, d\u2019une licence d\u2019utilisation ou de duplication d\u2019une marque de commerce sans l\u2019autorisation \u00e9crite pr\u00e9alable de Brock Chauffage et climatisation ou d\u2019un titulaire de marque de commerce applicable.<\/p>\n<p>Le nom \u00ab\u00a0Brock\u00a0\u00bb, le logo ou la marque de Brock, ou d\u2019autres formes ou d\u00e9riv\u00e9s ne peuvent \u00eatre utilis\u00e9s d\u2019aucune mani\u00e8re, y compris dans la publicit\u00e9 associ\u00e9e \u00e0 la distribution du mat\u00e9riel contenu dans ce site sans l\u2019autorisation \u00e9crite pr\u00e9alable de Brock Chauffage et climatisation. L\u2019utilisation du logo de Brock dans un lien ou dans tout site est interdite \u00e0 moins que Brock Chauffage et climatisation ait autoris\u00e9 par \u00e9crit et \u00e0 l\u2019avance l\u2019utilisation d\u2019un tel lien. D\u2019autres produits ou noms d\u2019entit\u00e9 mentionn\u00e9s sur ce site peuvent \u00eatre des marques de commerce de leurs titulaires respectifs.<\/p>\n<p><strong>T\u00c9MOINS ET DONN\u00c9ES \u00c9LECTRONIQUES<\/strong><br \/>\nBrock Chauffage et climatisation peut recueillir certaines donn\u00e9es pour des renseignements statistiques g\u00e9n\u00e9raux \u00e0 chaque visite sur le site. Ces renseignements sont recueillis par l\u2019entremise de journaux\u00a0Web sur le serveur, et peuvent comprendre les dates et les heures de visite sur le site; les adresses\u00a0IP des visiteurs de ce site; et le syst\u00e8me d\u2019exploitation et la version du navigateur des ordinateurs des visiteurs de notre site. Les donn\u00e9es ne servent pas \u00e0 identifier individuellement les utilisateurs de ce site, mais servent \u00e0 analyser la performance syst\u00e8me, l\u2019utilisation, l\u2019utilisation de pointe et les tendances d\u2019utilisation. Ce site peut employer des technologies d\u2019identification comme des \u00ab\u00a0t\u00e9moins\u00a0\u00bb, des balises, des marqueurs et des scripts, que votre ordinateur re\u00e7oit lorsque vous visitez certains sites. Les t\u00e9moins sont de petits fichiers de donn\u00e9es (texte) transf\u00e9r\u00e9s d\u2019un serveur\u00a0Web standard vers le navigateur d\u2019un utilisateur et contiennent des renseignements qu\u2019un serveur\u00a0Web peut lire aux fins de tenue des dossiers. L\u2019utilisation des t\u00e9moins est une pratique courante sur Internet et peut am\u00e9liorer le service que fournit un site. Les renseignements stock\u00e9s dans les t\u00e9moins ne servent pas \u00e0 identifier une personne et ne contiennent pas de donn\u00e9es ou de renseignements \u00ab\u00a0personnels\u00a0\u00bb. Les t\u00e9moins peuvent \u00eatre refus\u00e9s si le navigateur de l\u2019utilisateur est param\u00e9tr\u00e9 pour refuser ou rejeter les t\u00e9moins, si l\u2019utilisateur a install\u00e9 un programme tiers qui interf\u00e8re avec les t\u00e9moins ou les emp\u00eache (c\u2019est-\u00e0-dire certains pare-feu, ou programmes antivirus ou anti-espions), ou qui l\u2019avise lorsqu\u2019un t\u00e9moin est envoy\u00e9 \u00e0 son ordinateur. Les t\u00e9moins envoy\u00e9s par Brock Chauffage et climatisation qui ont \u00e9t\u00e9 refus\u00e9s peuvent limiter l\u2019acc\u00e8s \u00e0 ce site, ou le site ne fonctionnera peut-\u00eatre plus comme pr\u00e9vu ou l\u2019utilisateur n\u2019y aura plus acc\u00e8s.<\/p>\n<p><strong>LIENS VERS DES SITES WEB DE TIERS<\/strong><br \/>\nLe pr\u00e9sent site peut contenir des liens ou des r\u00e9f\u00e9rences vers des sites, produits ou services qui appartiennent \u00e0 des tiers, ou qui sont offerts ou exploit\u00e9s par des tiers autres que Brock Chauffage et climatisation ou ses filiales (\u00ab\u00a0<strong>sites de tiers<\/strong>\u00a0\u00bb), lesquels sont tous donn\u00e9s \u00e0 des fins de r\u00e9f\u00e9rence seulement. Brock Chauffage et climatisation ne contr\u00f4le pas les sites de tiers, n\u2019est pas responsable du contenu ou de la conformit\u00e9 aux lois applicables de sites de tiers, et d\u00e9cline express\u00e9ment toute responsabilit\u00e9 quant aux renseignements qui se trouvent sur les sites de tiers. L\u2019inclusion de liens vers des sites de tiers ne signifie nullement que Brock Chauffage et climatisation endosse ou approuve le contenu ou le mat\u00e9riel sur les sites de tiers, ou les produits ou services qui pourraient \u00eatre offerts sur des sites de tiers, ou qu\u2019une telle inclusion, \u00e0 moins que cela ne soit autrement exprim\u00e9 express\u00e9ment, implique\u00a0: (i) une commandite, une affiliation, un partenariat ou une association de Brock Chauffage et climatisation avec le propri\u00e9taire ou l\u2019exploitant du site du tiers; ou (ii) toute autorisation de Brock Chauffage et climatisation \u00e0 utiliser un droit d\u2019auteur, une marque de commerce, un logo ou tout autre mat\u00e9riel prot\u00e9g\u00e9 par la loi qui pourraient se trouver sur les sites de tiers.<\/p>\n<p><strong>AUCUNE GARANTIE; LIMITATION DE RESPONSABILIT\u00c9<\/strong><br \/>\nBrock Chauffage et climatisation ne s\u2019engage aucunement quant \u00e0 la pertinence des produits qui peuvent appara\u00eetre sur ce site. Ce site est fourni \u00ab\u00a0tel quel\u00a0\u00bb sans garantie d\u2019aucune sorte, expresse ou implicite. Dans la plus grande mesure permise par la loi applicable, Brock Chauffage et climatisation d\u00e9cline express\u00e9ment toute garantie et condition de quelque nature que ce soit \u00e0 l\u2019\u00e9gard de ce site Web ou des produits qui y figurent ou qui sont autrement disponibles \u00e0 la vente par Brock Chauffage et climatisation, y compris toutes les garanties implicites de qualit\u00e9 marchande, d\u2019adaptation \u00e0 un usage particulier, de titre et de non-contrefa\u00e7on. Brock Chauffage et climatisation n\u2019est pas responsable des erreurs ou omissions dans le contenu de ce site Web, de votre action ou inaction en relation avec ce site Web ou de tout dommage \u00e0 votre ordinateur ou \u00e0 vos donn\u00e9es ou tout autre dommage que vous pourriez subir en relation avec l\u2019utilisation de ce site Web. Brock Chauffage et climatisation ne fournit aucune repr\u00e9sentation, garantie ou autre assurance quant au fonctionnement, \u00e0 la qualit\u00e9 ou \u00e0 la fonctionnalit\u00e9 de ce site Web, et l\u2019acc\u00e8s \u00e0 ce site Web peut \u00eatre interrompu, restreint ou retard\u00e9 en tout temps et pour quelque raison que ce soit. Vous utilisez ce site Web \u00e0 vos propres risques. Brock Chauffage et climatisation, ses soci\u00e9t\u00e9s affili\u00e9es ou ses agents ne peuvent en aucun cas \u00eatre tenus responsables des dommages directs, indirects, punitifs, accessoires, sp\u00e9ciaux, liquid\u00e9s ou cons\u00e9cutifs d\u00e9coulant de l\u2019utilisation de ce site Web, du mat\u00e9riel ou des produits de ce site Web, du retard ou de l\u2019incapacit\u00e9 d\u2019utiliser ce site Web ou de tout autre probl\u00e8me en rapport avec ce site Web, que ce soit en raison d\u2019un contact, d\u2019un d\u00e9lit, d\u2019une responsabilit\u00e9 stricte ou autre, m\u00eame si Brock Chauffage et climatisation a \u00e9t\u00e9 avis\u00e9e de la possibilit\u00e9 de tels dommages-int\u00e9r\u00eats.<\/p>\n<p><strong>LOI APPLICABLE; AVIS L\u00c9GAUX<\/strong><br \/>\nLe pr\u00e9sent site Web, l\u2019information qu\u2019il contient, l\u2019utilisation de ce site Web et les pr\u00e9sentes conditions d\u2019utilisation sont r\u00e9gis par les lois de la province de l\u2019Ontario et les lois du Canada qui s\u2019y appliquent. Par les pr\u00e9sentes, vous consentez \u00e0 la comp\u00e9tence exclusive et au lieu de juridiction des cours, tribunaux, agences et autres organismes de r\u00e9solution de conflits \u00e0 Toronto (Ontario), Canada, dans tous les litiges d\u00e9coulant de, relatifs ou autrement concernant ce site Web et\/ou ces conditions d\u2019utilisation. Ce site Web est destin\u00e9 \u00e0 \u00eatre mis \u00e0 la disposition des r\u00e9sidents du Canada seulement. Toute utilisation de ce site Web en violation de ces conditions ou des lois applicables est \u00e0 vos propres risques et si une partie de ces conditions d\u2019utilisation est invalide ou inapplicable en vertu des lois applicables, la disposition invalide ou inapplicable sera consid\u00e9r\u00e9e comme \u00e9tant s\u00e9par\u00e9e de ces conditions d\u2019utilisation sans affecter le reste des pr\u00e9sentes ou remplac\u00e9e par une disposition valide et ex\u00e9cutoire qui correspond le plus \u00e9troitement \u00e0 l\u2019intention de la disposition originale. Toute r\u00e9clamation, tout diff\u00e9rend ou toute controverse d\u00e9coulant du pr\u00e9sent site Web ou des pr\u00e9sentes conditions d\u2019utilisation, s\u2019y rapportant ou les concernant, sera tranch\u00e9 par arbitrage ex\u00e9cutoire conform\u00e9ment \u00e0 la Loi de 1991 sur l\u2019arbitrage (Ontario) et toute proc\u00e9dure d\u2019arbitrage sera intent\u00e9e et tenue \u00e0 Toronto (Ontario), Canada. Les d\u00e9cisions des arbitres sont ex\u00e9cutoires et d\u00e9finitives pour toutes les parties en cause et le jugement sur toute sentence arbitrale peut \u00eatre rendu par tout tribunal comp\u00e9tent. Cette disposition sera sp\u00e9cifiquement ex\u00e9cutoire devant tout tribunal comp\u00e9tent. Vous convenez que Brock Chauffage et climatisation peut en tout temps et sans pr\u00e9avis modifier les modalit\u00e9s, conditions et avis en vertu desquels ce site Web est offert. Vous convenez qu\u2019aucune relation de coentreprise, de partenariat, d\u2019emploi ou d\u2019agence n\u2019existe entre vous et Brock Chauffage et climatisation en raison de cette entente ou de votre utilisation de ce site Web. L\u2019ex\u00e9cution des pr\u00e9sentes conditions d\u2019utilisation par Brock Chauffage et climatisation est assujettie aux lois et au processus juridique en vigueur et rien dans la pr\u00e9sente entente ne porte atteinte au droit de Brock Chauffage et climatisation de se conformer aux demandes ou aux exigences d\u2019application de la loi relatives \u00e0 votre utilisation de ce site Web ou aux renseignements fournis \u00e0 Brock Chauffage et climatisation ou recueillis par Brock Chauffage et climatisation relativement \u00e0 une telle utilisation. Vous reconnaissez et acceptez que les produits Brock Chauffage et climatisation sont distribu\u00e9s au Canada exclusivement par Wolseley Canada Inc., et que les pr\u00e9sentes conditions d\u2019utilisation, la politique de confidentialit\u00e9 de Wolseley Canada accessible \u00e0 l\u2019adresse <a href=\"https:\/\/www.wolseleyinc.ca\/fr\/privacy-policy.html\"><strong>https:\/\/www.wolseleyinc.ca\/fr\/privacy-policy.html#<\/strong><\/a> et les conditions de vente accessibles \u00e0 l\u2019adresse <a href=\"https:\/\/www.wolseleyinc.ca\/fr\/terms-and-conditions-sale.html\"><strong>https:\/\/www.wolseleyinc.ca\/fr\/terms-and-conditions-sale.html#<\/strong><\/a>, ou qui peuvent vous \u00eatre pr\u00e9sent\u00e9es dans le cadre d\u2019une transaction d\u2019achat de produits Brock Chauffage et climatisation aupr\u00e8s de Wolseley Canada, constituent l\u2019entente int\u00e9grale entre vous et Brock Chauffage et climatisation \u00e0 l\u2019\u00e9gard de ce site Web. Les pr\u00e9sentes conditions d\u2019utilisation remplacent toutes les communications et propositions ant\u00e9rieures ou contemporaines, qu\u2019elles soient \u00e9lectroniques, verbales ou \u00e9crites, entre vous et Brock Chauffage et climatisation relativement \u00e0 ce site Web.<\/p>\n<p><small>Copyright \u00a9 2021 Wolseley Canada Inc. Tous droits r\u00e9serv\u00e9s.<br \/>\nBrock Chauffage et climatisation et la famille de marques de commerce et logos Brock sont des marques d\u00e9pos\u00e9es de Wolseley Canada Inc. ou utilis\u00e9es sous licence de Ferguson plc ou de ses soci\u00e9t\u00e9s affili\u00e9es.<\/small><\/p>\n","protected":false},"excerpt":{"rendered":"<p>COPYRIGHT ET LICENCE D\u2019UTILISATION Bienvenue sur le site Web de Brock Chauffage et climatisation. Veuillez noter que l\u2019utilisation de ce site signifie que vous acceptez inconditionnellement de vous conformer \u00e0 ces conditions et d\u2019y \u00eatre li\u00e9. Bien que vous puissiez ajouter une partie pr\u00e9cise de ce site \u00e0 vos favoris et par le fait m\u00eame [&hellip;]<\/p>\n","protected":false},"author":1,"featured_media":0,"parent":0,"menu_order":0,"comment_status":"closed","ping_status":"closed","template":"tpl-basic.php","meta":[],"acf":[],"yoast_head":"<!-- This site is optimized with the Yoast SEO plugin v20.7 - https:\/\/yoast.com\/wordpress\/plugins\/seo\/ -->\n<title>Conditions d\u2019utilisation du site Web de Brock Canada | Brock \u2013 Heating &amp; Cooling | Ventilation, &amp; Air Conditioning | HVAC<\/title>\n<meta name=\"robots\" content=\"index, follow, max-snippet:-1, max-image-preview:large, max-video-preview:-1\" \/>\n<link rel=\"canonical\" href=\"https:\/\/www.brockhvac.com\/fr\/conditions-dutilisation\/\" \/>\n<meta property=\"og:locale\" content=\"fr_FR\" \/>\n<meta property=\"og:type\" content=\"article\" \/>\n<meta property=\"og:title\" content=\"Conditions d\u2019utilisation du site Web de Brock Canada | Brock \u2013 Heating &amp; Cooling | Ventilation, &amp; Air Conditioning | HVAC\" \/>\n<meta property=\"og:description\" content=\"COPYRIGHT ET LICENCE D\u2019UTILISATION Bienvenue sur le site Web de Brock Chauffage et climatisation. Veuillez noter que l\u2019utilisation de ce site signifie que vous acceptez inconditionnellement de vous conformer \u00e0 ces conditions et d\u2019y \u00eatre li\u00e9. Bien que vous puissiez ajouter une partie pr\u00e9cise de ce site \u00e0 vos favoris et par le fait m\u00eame [&hellip;]\" \/>\n<meta property=\"og:url\" content=\"https:\/\/www.brockhvac.com\/fr\/conditions-dutilisation\/\" \/>\n<meta property=\"og:site_name\" content=\"Brock \u2013 Heating &amp; Cooling | Ventilation, &amp; Air Conditioning | HVAC\" \/>\n<meta property=\"article:modified_time\" content=\"2021-11-30T21:05:37+00:00\" \/>\n<meta name=\"twitter:card\" content=\"summary_large_image\" \/>\n<meta name=\"twitter:label1\" content=\"Dur\u00e9e de lecture estim\u00e9e\" \/>\n\t<meta name=\"twitter:data1\" content=\"9 minutes\" \/>\n<script type=\"application\/ld+json\" class=\"yoast-schema-graph\">{\"@context\":\"https:\/\/schema.org\",\"@graph\":[{\"@type\":\"WebPage\",\"@id\":\"https:\/\/www.brockhvac.com\/fr\/conditions-dutilisation\/\",\"url\":\"https:\/\/www.brockhvac.com\/fr\/conditions-dutilisation\/\",\"name\":\"Conditions d\u2019utilisation du site Web de Brock Canada | Brock \u2013 Heating &amp; Cooling | Ventilation, &amp; Air Conditioning | HVAC\",\"isPartOf\":{\"@id\":\"https:\/\/www.brockhvac.com\/#website\"},\"datePublished\":\"2020-07-06T18:33:39+00:00\",\"dateModified\":\"2021-11-30T21:05:37+00:00\",\"breadcrumb\":{\"@id\":\"https:\/\/www.brockhvac.com\/fr\/conditions-dutilisation\/#breadcrumb\"},\"inLanguage\":\"fr-FR\",\"potentialAction\":[{\"@type\":\"ReadAction\",\"target\":[\"https:\/\/www.brockhvac.com\/fr\/conditions-dutilisation\/\"]}]},{\"@type\":\"BreadcrumbList\",\"@id\":\"https:\/\/www.brockhvac.com\/fr\/conditions-dutilisation\/#breadcrumb\",\"itemListElement\":[{\"@type\":\"ListItem\",\"position\":1,\"name\":\"Home\",\"item\":\"https:\/\/www.brockhvac.com\/fr\/\"},{\"@type\":\"ListItem\",\"position\":2,\"name\":\"Conditions d\u2019utilisation du site Web de Brock Canada\"}]},{\"@type\":\"WebSite\",\"@id\":\"https:\/\/www.brockhvac.com\/#website\",\"url\":\"https:\/\/www.brockhvac.com\/\",\"name\":\"Brock \u2013 Heating &amp; Cooling | Ventilation, &amp; Air Conditioning | HVAC\",\"description\":\"Live in Comfort\",\"publisher\":{\"@id\":\"https:\/\/www.brockhvac.com\/#organization\"},\"potentialAction\":[{\"@type\":\"SearchAction\",\"target\":{\"@type\":\"EntryPoint\",\"urlTemplate\":\"https:\/\/www.brockhvac.com\/?s={search_term_string}\"},\"query-input\":\"required name=search_term_string\"}],\"inLanguage\":\"fr-FR\"},{\"@type\":\"Organization\",\"@id\":\"https:\/\/www.brockhvac.com\/#organization\",\"name\":\"Brock Heating & Cooling\",\"url\":\"https:\/\/www.brockhvac.com\/\",\"logo\":{\"@type\":\"ImageObject\",\"inLanguage\":\"fr-FR\",\"@id\":\"https:\/\/www.brockhvac.com\/#\/schema\/logo\/image\/\",\"url\":\"https:\/\/www.brockhvac.com\/wp-content\/uploads\/2020\/07\/flogo.png\",\"contentUrl\":\"https:\/\/www.brockhvac.com\/wp-content\/uploads\/2020\/07\/flogo.png\",\"width\":290,\"height\":77,\"caption\":\"Brock Heating & Cooling\"},\"image\":{\"@id\":\"https:\/\/www.brockhvac.com\/#\/schema\/logo\/image\/\"}}]}<\/script>\n<!-- \/ Yoast SEO plugin. -->","yoast_head_json":{"title":"Conditions d\u2019utilisation du site Web de Brock Canada | Brock \u2013 Heating &amp; Cooling | Ventilation, &amp; Air Conditioning | HVAC","robots":{"index":"index","follow":"follow","max-snippet":"max-snippet:-1","max-image-preview":"max-image-preview:large","max-video-preview":"max-video-preview:-1"},"canonical":"https:\/\/www.brockhvac.com\/fr\/conditions-dutilisation\/","og_locale":"fr_FR","og_type":"article","og_title":"Conditions d\u2019utilisation du site Web de Brock Canada | Brock \u2013 Heating &amp; Cooling | Ventilation, &amp; Air Conditioning | HVAC","og_description":"COPYRIGHT ET LICENCE D\u2019UTILISATION Bienvenue sur le site Web de Brock Chauffage et climatisation. Veuillez noter que l\u2019utilisation de ce site signifie que vous acceptez inconditionnellement de vous conformer \u00e0 ces conditions et d\u2019y \u00eatre li\u00e9. Bien que vous puissiez ajouter une partie pr\u00e9cise de ce site \u00e0 vos favoris et par le fait m\u00eame [&hellip;]","og_url":"https:\/\/www.brockhvac.com\/fr\/conditions-dutilisation\/","og_site_name":"Brock \u2013 Heating &amp; Cooling | Ventilation, &amp; Air Conditioning | HVAC","article_modified_time":"2021-11-30T21:05:37+00:00","twitter_card":"summary_large_image","twitter_misc":{"Dur\u00e9e de lecture estim\u00e9e":"9 minutes"},"schema":{"@context":"https:\/\/schema.org","@graph":[{"@type":"WebPage","@id":"https:\/\/www.brockhvac.com\/fr\/conditions-dutilisation\/","url":"https:\/\/www.brockhvac.com\/fr\/conditions-dutilisation\/","name":"Conditions d\u2019utilisation du site Web de Brock Canada | Brock \u2013 Heating &amp; Cooling | Ventilation, &amp; Air Conditioning | HVAC","isPartOf":{"@id":"https:\/\/www.brockhvac.com\/#website"},"datePublished":"2020-07-06T18:33:39+00:00","dateModified":"2021-11-30T21:05:37+00:00","breadcrumb":{"@id":"https:\/\/www.brockhvac.com\/fr\/conditions-dutilisation\/#breadcrumb"},"inLanguage":"fr-FR","potentialAction":[{"@type":"ReadAction","target":["https:\/\/www.brockhvac.com\/fr\/conditions-dutilisation\/"]}]},{"@type":"BreadcrumbList","@id":"https:\/\/www.brockhvac.com\/fr\/conditions-dutilisation\/#breadcrumb","itemListElement":[{"@type":"ListItem","position":1,"name":"Home","item":"https:\/\/www.brockhvac.com\/fr\/"},{"@type":"ListItem","position":2,"name":"Conditions d\u2019utilisation du site Web de Brock Canada"}]},{"@type":"WebSite","@id":"https:\/\/www.brockhvac.com\/#website","url":"https:\/\/www.brockhvac.com\/","name":"Brock \u2013 Heating &amp; Cooling | Ventilation, &amp; Air Conditioning | HVAC","description":"Live in Comfort","publisher":{"@id":"https:\/\/www.brockhvac.com\/#organization"},"potentialAction":[{"@type":"SearchAction","target":{"@type":"EntryPoint","urlTemplate":"https:\/\/www.brockhvac.com\/?s={search_term_string}"},"query-input":"required name=search_term_string"}],"inLanguage":"fr-FR"},{"@type":"Organization","@id":"https:\/\/www.brockhvac.com\/#organization","name":"Brock Heating & Cooling","url":"https:\/\/www.brockhvac.com\/","logo":{"@type":"ImageObject","inLanguage":"fr-FR","@id":"https:\/\/www.brockhvac.com\/#\/schema\/logo\/image\/","url":"https:\/\/www.brockhvac.com\/wp-content\/uploads\/2020\/07\/flogo.png","contentUrl":"https:\/\/www.brockhvac.com\/wp-content\/uploads\/2020\/07\/flogo.png","width":290,"height":77,"caption":"Brock Heating & Cooling"},"image":{"@id":"https:\/\/www.brockhvac.com\/#\/schema\/logo\/image\/"}}]}},"_links":{"self":[{"href":"https:\/\/www.brockhvac.com\/fr\/wp-json\/wp\/v2\/pages\/672"}],"collection":[{"href":"https:\/\/www.brockhvac.com\/fr\/wp-json\/wp\/v2\/pages"}],"about":[{"href":"https:\/\/www.brockhvac.com\/fr\/wp-json\/wp\/v2\/types\/page"}],"author":[{"embeddable":true,"href":"https:\/\/www.brockhvac.com\/fr\/wp-json\/wp\/v2\/users\/1"}],"replies":[{"embeddable":true,"href":"https:\/\/www.brockhvac.com\/fr\/wp-json\/wp\/v2\/comments?post=672"}],"version-history":[{"count":3,"href":"https:\/\/www.brockhvac.com\/fr\/wp-json\/wp\/v2\/pages\/672\/revisions"}],"predecessor-version":[{"id":879,"href":"https:\/\/www.brockhvac.com\/fr\/wp-json\/wp\/v2\/pages\/672\/revisions\/879"}],"wp:attachment":[{"href":"https:\/\/www.brockhvac.com\/fr\/wp-json\/wp\/v2\/media?parent=672"}],"curies":[{"name":"wp","href":"https:\/\/api.w.org\/{rel}","templated":true}]}}