{"id":706,"date":"2021-03-26T15:19:46","date_gmt":"2021-03-26T19:19:46","guid":{"rendered":"https:\/\/www.brockhvac.com\/product\/16-seer-2-stage-split-system-heat-pump-3t\/"},"modified":"2021-07-06T14:30:50","modified_gmt":"2021-07-06T18:30:50","slug":"thermopompe-a-deux-niveaux-de-puissance-a-taux-de-rendement-energetique-saisonnier-de-16-3","status":"publish","type":"product","link":"https:\/\/www.brockhvac.com\/fr\/product\/thermopompe-a-deux-niveaux-de-puissance-a-taux-de-rendement-energetique-saisonnier-de-16-3\/","title":{"rendered":"Thermopompe \u00e0 deux niveaux de puissance \u00e0 taux de rendement \u00e9nerg\u00e9tique saisonnier de 16"},"content":{"rendered":"<p>&bull; Les dimensions nominales offertes vont de 024 \u00e0 060 pour r\u00e9pondre aux besoins des applications r\u00e9sidentielles et commerciales l\u00e9g\u00e8res.<br \/>\n&bull; Tous les mod\u00e8les ont les certifications UL (\u00c9.-U. et Canada), AHRI et CEC.<br \/>\n&bull; Le moteur de ventilateur enti\u00e8rement sous bo\u00eetier offre une grande fiabilit\u00e9 dans des conditions difficiles et un rendement<br \/>\nfiable pendant de nombreuses ann\u00e9es.<br \/>\n&bull; Un bo\u00eetier de protection contre les intemp\u00e9ries en acier peint, dont le dessous est prot\u00e9g\u00e9 par un rev\u00eatement galvanis\u00e9, est trait\u00e9 avec une couche de phosphate de zinc afin d\u2019offrir un fini qui durera pendant de nombreuses ann\u00e9es.<br \/>\n&bull; Le serpentin \u00e0 ailettes sinuso\u00efdales en aluminium am\u00e9lior\u00e9 avec tube de cuivre est con\u00e7u pour offrir un transfert de chaleur optimal.<br \/>\n&bull; La sortie d\u2019air \u00e0 la verticale oriente le son et l\u2019air chaud provenant du condenseur vers le haut et les \u00e9loigne de la verdure et des zones de terrasse adjacentes.<br \/>\n&bull; Chaque compresseur est prot\u00e9g\u00e9 gr\u00e2ce \u00e0 la temp\u00e9rature interne et aux dispositifs de protection contre les surcharges sensibles au courant.<br \/>\n&bull; Un panneau d\u2019acc\u00e8s permet d\u2019acc\u00e9der aux commandes \u00e9lectriques.<br \/>\n&bull; Les deux vannes de service sont en laiton, peuvent interrompre l\u2019\u00e9coulement de fluide frigorig\u00e8ne tout en maintenant l\u2019orifice<br \/>\nd\u2019\u00e9vacuation et de chargement ouvert, et comportent des raccords soud\u00e9s.<\/p>\n","protected":false},"excerpt":{"rendered":"<p>16 SEER 2-Stage Split-System Heat Pump 3T<\/p>\n","protected":false},"featured_media":704,"comment_status":"open","ping_status":"closed","template":"","meta":[],"product_cat":[45],"product_tag":[],"acf":[],"yoast_head":"<!-- This site is optimized with the Yoast SEO plugin v20.7 - https:\/\/yoast.com\/wordpress\/plugins\/seo\/ -->\n<title>Thermopompe \u00e0 deux niveaux de puissance \u00e0 taux de rendement \u00e9nerg\u00e9tique saisonnier de 16 | Brock \u2013 Heating &amp; Cooling | Ventilation, &amp; Air Conditioning | HVAC<\/title>\n<meta name=\"robots\" content=\"index, follow, max-snippet:-1, max-image-preview:large, max-video-preview:-1\" \/>\n<link rel=\"canonical\" href=\"https:\/\/www.brockhvac.com\/fr\/product\/thermopompe-a-deux-niveaux-de-puissance-a-taux-de-rendement-energetique-saisonnier-de-16-3\/\" \/>\n<meta property=\"og:locale\" content=\"fr_FR\" \/>\n<meta property=\"og:type\" content=\"article\" \/>\n<meta property=\"og:title\" content=\"Thermopompe \u00e0 deux niveaux de puissance \u00e0 taux de rendement \u00e9nerg\u00e9tique saisonnier de 16 | Brock \u2013 Heating &amp; Cooling | Ventilation, &amp; Air Conditioning | HVAC\" \/>\n<meta property=\"og:description\" content=\"16 SEER 2-Stage Split-System Heat Pump 3T\" \/>\n<meta property=\"og:url\" content=\"https:\/\/www.brockhvac.com\/fr\/product\/thermopompe-a-deux-niveaux-de-puissance-a-taux-de-rendement-energetique-saisonnier-de-16-3\/\" \/>\n<meta property=\"og:site_name\" content=\"Brock \u2013 Heating &amp; Cooling | Ventilation, &amp; Air Conditioning | HVAC\" \/>\n<meta property=\"article:modified_time\" content=\"2021-07-06T18:30:50+00:00\" \/>\n<meta property=\"og:image\" content=\"https:\/\/www.brockhvac.com\/wp-content\/uploads\/2020\/07\/heat-pumps.png\" \/>\n\t<meta property=\"og:image:width\" content=\"259\" \/>\n\t<meta property=\"og:image:height\" content=\"328\" \/>\n\t<meta property=\"og:image:type\" content=\"image\/png\" \/>\n<meta name=\"twitter:card\" content=\"summary_large_image\" \/>\n<meta name=\"twitter:label1\" content=\"Dur\u00e9e de lecture estim\u00e9e\" \/>\n\t<meta name=\"twitter:data1\" content=\"1 minute\" \/>\n<script type=\"application\/ld+json\" class=\"yoast-schema-graph\">{\"@context\":\"https:\/\/schema.org\",\"@graph\":[{\"@type\":\"WebPage\",\"@id\":\"https:\/\/www.brockhvac.com\/fr\/product\/thermopompe-a-deux-niveaux-de-puissance-a-taux-de-rendement-energetique-saisonnier-de-16-3\/\",\"url\":\"https:\/\/www.brockhvac.com\/fr\/product\/thermopompe-a-deux-niveaux-de-puissance-a-taux-de-rendement-energetique-saisonnier-de-16-3\/\",\"name\":\"Thermopompe \u00e0 deux niveaux de puissance \u00e0 taux de rendement \u00e9nerg\u00e9tique saisonnier de 16 | Brock \u2013 Heating &amp; Cooling | Ventilation, &amp; Air Conditioning | HVAC\",\"isPartOf\":{\"@id\":\"https:\/\/www.brockhvac.com\/#website\"},\"datePublished\":\"2021-03-26T19:19:46+00:00\",\"dateModified\":\"2021-07-06T18:30:50+00:00\",\"breadcrumb\":{\"@id\":\"https:\/\/www.brockhvac.com\/fr\/product\/thermopompe-a-deux-niveaux-de-puissance-a-taux-de-rendement-energetique-saisonnier-de-16-3\/#breadcrumb\"},\"inLanguage\":\"fr-FR\",\"potentialAction\":[{\"@type\":\"ReadAction\",\"target\":[\"https:\/\/www.brockhvac.com\/fr\/product\/thermopompe-a-deux-niveaux-de-puissance-a-taux-de-rendement-energetique-saisonnier-de-16-3\/\"]}]},{\"@type\":\"BreadcrumbList\",\"@id\":\"https:\/\/www.brockhvac.com\/fr\/product\/thermopompe-a-deux-niveaux-de-puissance-a-taux-de-rendement-energetique-saisonnier-de-16-3\/#breadcrumb\",\"itemListElement\":[{\"@type\":\"ListItem\",\"position\":1,\"name\":\"Home\",\"item\":\"https:\/\/www.brockhvac.com\/fr\/\"},{\"@type\":\"ListItem\",\"position\":2,\"name\":\"Products\",\"item\":\"https:\/\/www.brockhvac.com\/products\/\"},{\"@type\":\"ListItem\",\"position\":3,\"name\":\"Thermopompe \u00e0 deux niveaux de puissance \u00e0 taux de rendement \u00e9nerg\u00e9tique saisonnier de 16\"}]},{\"@type\":\"WebSite\",\"@id\":\"https:\/\/www.brockhvac.com\/#website\",\"url\":\"https:\/\/www.brockhvac.com\/\",\"name\":\"Brock \u2013 Heating &amp; Cooling | Ventilation, &amp; Air Conditioning | HVAC\",\"description\":\"Live in Comfort\",\"publisher\":{\"@id\":\"https:\/\/www.brockhvac.com\/#organization\"},\"potentialAction\":[{\"@type\":\"SearchAction\",\"target\":{\"@type\":\"EntryPoint\",\"urlTemplate\":\"https:\/\/www.brockhvac.com\/?s={search_term_string}\"},\"query-input\":\"required name=search_term_string\"}],\"inLanguage\":\"fr-FR\"},{\"@type\":\"Organization\",\"@id\":\"https:\/\/www.brockhvac.com\/#organization\",\"name\":\"Brock Heating & Cooling\",\"url\":\"https:\/\/www.brockhvac.com\/\",\"logo\":{\"@type\":\"ImageObject\",\"inLanguage\":\"fr-FR\",\"@id\":\"https:\/\/www.brockhvac.com\/#\/schema\/logo\/image\/\",\"url\":\"https:\/\/www.brockhvac.com\/wp-content\/uploads\/2020\/07\/flogo.png\",\"contentUrl\":\"https:\/\/www.brockhvac.com\/wp-content\/uploads\/2020\/07\/flogo.png\",\"width\":290,\"height\":77,\"caption\":\"Brock Heating & Cooling\"},\"image\":{\"@id\":\"https:\/\/www.brockhvac.com\/#\/schema\/logo\/image\/\"}}]}<\/script>\n<!-- \/ Yoast SEO plugin. -->","yoast_head_json":{"title":"Thermopompe \u00e0 deux niveaux de puissance \u00e0 taux de rendement \u00e9nerg\u00e9tique saisonnier de 16 | Brock \u2013 Heating &amp; Cooling | Ventilation, &amp; Air Conditioning | HVAC","robots":{"index":"index","follow":"follow","max-snippet":"max-snippet:-1","max-image-preview":"max-image-preview:large","max-video-preview":"max-video-preview:-1"},"canonical":"https:\/\/www.brockhvac.com\/fr\/product\/thermopompe-a-deux-niveaux-de-puissance-a-taux-de-rendement-energetique-saisonnier-de-16-3\/","og_locale":"fr_FR","og_type":"article","og_title":"Thermopompe \u00e0 deux niveaux de puissance \u00e0 taux de rendement \u00e9nerg\u00e9tique saisonnier de 16 | Brock \u2013 Heating &amp; Cooling | Ventilation, &amp; Air Conditioning | HVAC","og_description":"16 SEER 2-Stage Split-System Heat Pump 3T","og_url":"https:\/\/www.brockhvac.com\/fr\/product\/thermopompe-a-deux-niveaux-de-puissance-a-taux-de-rendement-energetique-saisonnier-de-16-3\/","og_site_name":"Brock \u2013 Heating &amp; Cooling | Ventilation, &amp; Air Conditioning | HVAC","article_modified_time":"2021-07-06T18:30:50+00:00","og_image":[{"width":259,"height":328,"url":"https:\/\/www.brockhvac.com\/wp-content\/uploads\/2020\/07\/heat-pumps.png","type":"image\/png"}],"twitter_card":"summary_large_image","twitter_misc":{"Dur\u00e9e de lecture estim\u00e9e":"1 minute"},"schema":{"@context":"https:\/\/schema.org","@graph":[{"@type":"WebPage","@id":"https:\/\/www.brockhvac.com\/fr\/product\/thermopompe-a-deux-niveaux-de-puissance-a-taux-de-rendement-energetique-saisonnier-de-16-3\/","url":"https:\/\/www.brockhvac.com\/fr\/product\/thermopompe-a-deux-niveaux-de-puissance-a-taux-de-rendement-energetique-saisonnier-de-16-3\/","name":"Thermopompe \u00e0 deux niveaux de puissance \u00e0 taux de rendement \u00e9nerg\u00e9tique saisonnier de 16 | Brock \u2013 Heating &amp; Cooling | Ventilation, &amp; Air Conditioning | HVAC","isPartOf":{"@id":"https:\/\/www.brockhvac.com\/#website"},"datePublished":"2021-03-26T19:19:46+00:00","dateModified":"2021-07-06T18:30:50+00:00","breadcrumb":{"@id":"https:\/\/www.brockhvac.com\/fr\/product\/thermopompe-a-deux-niveaux-de-puissance-a-taux-de-rendement-energetique-saisonnier-de-16-3\/#breadcrumb"},"inLanguage":"fr-FR","potentialAction":[{"@type":"ReadAction","target":["https:\/\/www.brockhvac.com\/fr\/product\/thermopompe-a-deux-niveaux-de-puissance-a-taux-de-rendement-energetique-saisonnier-de-16-3\/"]}]},{"@type":"BreadcrumbList","@id":"https:\/\/www.brockhvac.com\/fr\/product\/thermopompe-a-deux-niveaux-de-puissance-a-taux-de-rendement-energetique-saisonnier-de-16-3\/#breadcrumb","itemListElement":[{"@type":"ListItem","position":1,"name":"Home","item":"https:\/\/www.brockhvac.com\/fr\/"},{"@type":"ListItem","position":2,"name":"Products","item":"https:\/\/www.brockhvac.com\/products\/"},{"@type":"ListItem","position":3,"name":"Thermopompe \u00e0 deux niveaux de puissance \u00e0 taux de rendement \u00e9nerg\u00e9tique saisonnier de 16"}]},{"@type":"WebSite","@id":"https:\/\/www.brockhvac.com\/#website","url":"https:\/\/www.brockhvac.com\/","name":"Brock \u2013 Heating &amp; Cooling | Ventilation, &amp; Air Conditioning | HVAC","description":"Live in Comfort","publisher":{"@id":"https:\/\/www.brockhvac.com\/#organization"},"potentialAction":[{"@type":"SearchAction","target":{"@type":"EntryPoint","urlTemplate":"https:\/\/www.brockhvac.com\/?s={search_term_string}"},"query-input":"required name=search_term_string"}],"inLanguage":"fr-FR"},{"@type":"Organization","@id":"https:\/\/www.brockhvac.com\/#organization","name":"Brock Heating & Cooling","url":"https:\/\/www.brockhvac.com\/","logo":{"@type":"ImageObject","inLanguage":"fr-FR","@id":"https:\/\/www.brockhvac.com\/#\/schema\/logo\/image\/","url":"https:\/\/www.brockhvac.com\/wp-content\/uploads\/2020\/07\/flogo.png","contentUrl":"https:\/\/www.brockhvac.com\/wp-content\/uploads\/2020\/07\/flogo.png","width":290,"height":77,"caption":"Brock Heating & Cooling"},"image":{"@id":"https:\/\/www.brockhvac.com\/#\/schema\/logo\/image\/"}}]}},"_links":{"self":[{"href":"https:\/\/www.brockhvac.com\/fr\/wp-json\/wp\/v2\/product\/706"}],"collection":[{"href":"https:\/\/www.brockhvac.com\/fr\/wp-json\/wp\/v2\/product"}],"about":[{"href":"https:\/\/www.brockhvac.com\/fr\/wp-json\/wp\/v2\/types\/product"}],"replies":[{"embeddable":true,"href":"https:\/\/www.brockhvac.com\/fr\/wp-json\/wp\/v2\/comments?post=706"}],"wp:featuredmedia":[{"embeddable":true,"href":"https:\/\/www.brockhvac.com\/fr\/wp-json\/wp\/v2\/media\/704"}],"wp:attachment":[{"href":"https:\/\/www.brockhvac.com\/fr\/wp-json\/wp\/v2\/media?parent=706"}],"wp:term":[{"taxonomy":"product_cat","embeddable":true,"href":"https:\/\/www.brockhvac.com\/fr\/wp-json\/wp\/v2\/product_cat?post=706"},{"taxonomy":"product_tag","embeddable":true,"href":"https:\/\/www.brockhvac.com\/fr\/wp-json\/wp\/v2\/product_tag?post=706"}],"curies":[{"name":"wp","href":"https:\/\/api.w.org\/{rel}","templated":true}]}}