{"id":719,"date":"2020-07-02T19:00:12","date_gmt":"2020-07-02T23:00:12","guid":{"rendered":"https:\/\/www.brockhvac.com\/product\/direct-expansion-fan-coil-for-r-410a-18000-capacity\/"},"modified":"2021-07-06T14:30:51","modified_gmt":"2021-07-06T18:30:51","slug":"direct-expansion-fan-coil-for-r-410a-18000-capacity","status":"publish","type":"product","link":"https:\/\/www.brockhvac.com\/fr\/product\/direct-expansion-fan-coil-for-r-410a-18000-capacity\/","title":{"rendered":"Ventilo-convecteur \u00e0 d\u00e9tente directe\u00a0\u2013 capacit\u00e9 de 18\u00a0000\u00a0Btu\/h, fluide frigorig\u00e8ne R410A"},"content":{"rendered":"<p>&bull; Transformateur de 40 VA, 208\/230 V et 60 Hz monophas\u00e9.<br \/>\n&bull; Moteur de ventilateur : Tous les mod\u00e8les d&#8217;appareil comprennent des dispositifs de contr\u00f4le op\u00e9rationnel int\u00e9gr\u00e9s au moteur \u00e0 commutation \u00e9lectronique multiprise \u00e0 haute efficacit\u00e9.<br \/>\n&bull; L&#8217;attrayant bo\u00eetier en acier galvanis\u00e9 pr\u00e9peint offre une protection antirouille pendant de nombreuses ann\u00e9es.<br \/>\n&bull; Tous les appareils offrent une isolation de haute densit\u00e9.<br \/>\n&bull; Appareils \u00e0 serpentin inclin\u00e9<br \/>\n&bull; Raccords de fluide frigorig\u00e8ne soud\u00e9s \u00e0 l&#8217;\u00e9tain et serpentins \u00e0 immersion compl\u00e8te nettoy\u00e9s en usine pour assurer un contr\u00f4le optimal de la condensation.<br \/>\n&bull; Chaque appareil est compl\u00e8tement \u00e9quip\u00e9 avec des commandes de refroidissement, y compris un transformateur de 40 VA et un dispositif de commande de ventilateur int\u00e9gr\u00e9 avec relais temporis\u00e9.<br \/>\n&bull; Tous les appareils comportent un d\u00e9tendeur thermostatique bidirectionnel \u00e0 coupure m\u00e9canique install\u00e9 en usine.&#8221;<\/p>\n","protected":false},"excerpt":{"rendered":"<p>Direct Expansion Fan Coil for R-410A 18,000 Capacity <\/p>\n","protected":false},"featured_media":713,"comment_status":"open","ping_status":"closed","template":"","meta":[],"product_cat":[38],"product_tag":[],"acf":[],"yoast_head":"<!-- This site is optimized with the Yoast SEO plugin v20.7 - https:\/\/yoast.com\/wordpress\/plugins\/seo\/ -->\n<title>Ventilo-convecteur \u00e0 d\u00e9tente directe\u00a0\u2013 capacit\u00e9 de 18\u00a0000\u00a0Btu\/h, fluide frigorig\u00e8ne R410A | Brock \u2013 Heating &amp; Cooling | Ventilation, &amp; Air Conditioning | HVAC<\/title>\n<meta name=\"robots\" content=\"index, follow, max-snippet:-1, max-image-preview:large, max-video-preview:-1\" \/>\n<link rel=\"canonical\" href=\"https:\/\/www.brockhvac.com\/fr\/product\/direct-expansion-fan-coil-for-r-410a-18000-capacity\/\" \/>\n<meta property=\"og:locale\" content=\"fr_FR\" \/>\n<meta property=\"og:type\" content=\"article\" \/>\n<meta property=\"og:title\" content=\"Ventilo-convecteur \u00e0 d\u00e9tente directe\u00a0\u2013 capacit\u00e9 de 18\u00a0000\u00a0Btu\/h, fluide frigorig\u00e8ne R410A | Brock \u2013 Heating &amp; Cooling | Ventilation, &amp; Air Conditioning | HVAC\" \/>\n<meta property=\"og:description\" content=\"Direct Expansion Fan Coil for R-410A 18,000 Capacity\" \/>\n<meta property=\"og:url\" content=\"https:\/\/www.brockhvac.com\/fr\/product\/direct-expansion-fan-coil-for-r-410a-18000-capacity\/\" \/>\n<meta property=\"og:site_name\" content=\"Brock \u2013 Heating &amp; Cooling | Ventilation, &amp; Air Conditioning | HVAC\" \/>\n<meta property=\"article:modified_time\" content=\"2021-07-06T18:30:51+00:00\" \/>\n<meta property=\"og:image\" content=\"https:\/\/www.brockhvac.com\/wp-content\/uploads\/2020\/07\/fan-coils.png\" \/>\n\t<meta property=\"og:image:width\" content=\"147\" \/>\n\t<meta property=\"og:image:height\" content=\"337\" \/>\n\t<meta property=\"og:image:type\" content=\"image\/png\" \/>\n<meta name=\"twitter:card\" content=\"summary_large_image\" \/>\n<meta name=\"twitter:label1\" content=\"Dur\u00e9e de lecture estim\u00e9e\" \/>\n\t<meta name=\"twitter:data1\" content=\"1 minute\" \/>\n<script type=\"application\/ld+json\" class=\"yoast-schema-graph\">{\"@context\":\"https:\/\/schema.org\",\"@graph\":[{\"@type\":\"WebPage\",\"@id\":\"https:\/\/www.brockhvac.com\/fr\/product\/direct-expansion-fan-coil-for-r-410a-18000-capacity\/\",\"url\":\"https:\/\/www.brockhvac.com\/fr\/product\/direct-expansion-fan-coil-for-r-410a-18000-capacity\/\",\"name\":\"Ventilo-convecteur \u00e0 d\u00e9tente directe\u00a0\u2013 capacit\u00e9 de 18\u00a0000\u00a0Btu\/h, fluide frigorig\u00e8ne R410A | Brock \u2013 Heating &amp; Cooling | Ventilation, &amp; Air Conditioning | HVAC\",\"isPartOf\":{\"@id\":\"https:\/\/www.brockhvac.com\/#website\"},\"datePublished\":\"2020-07-02T23:00:12+00:00\",\"dateModified\":\"2021-07-06T18:30:51+00:00\",\"breadcrumb\":{\"@id\":\"https:\/\/www.brockhvac.com\/fr\/product\/direct-expansion-fan-coil-for-r-410a-18000-capacity\/#breadcrumb\"},\"inLanguage\":\"fr-FR\",\"potentialAction\":[{\"@type\":\"ReadAction\",\"target\":[\"https:\/\/www.brockhvac.com\/fr\/product\/direct-expansion-fan-coil-for-r-410a-18000-capacity\/\"]}]},{\"@type\":\"BreadcrumbList\",\"@id\":\"https:\/\/www.brockhvac.com\/fr\/product\/direct-expansion-fan-coil-for-r-410a-18000-capacity\/#breadcrumb\",\"itemListElement\":[{\"@type\":\"ListItem\",\"position\":1,\"name\":\"Home\",\"item\":\"https:\/\/www.brockhvac.com\/fr\/\"},{\"@type\":\"ListItem\",\"position\":2,\"name\":\"Products\",\"item\":\"https:\/\/www.brockhvac.com\/products\/\"},{\"@type\":\"ListItem\",\"position\":3,\"name\":\"Ventilo-convecteur \u00e0 d\u00e9tente directe\u00a0\u2013 capacit\u00e9 de 18\u00a0000\u00a0Btu\/h, fluide frigorig\u00e8ne R410A\"}]},{\"@type\":\"WebSite\",\"@id\":\"https:\/\/www.brockhvac.com\/#website\",\"url\":\"https:\/\/www.brockhvac.com\/\",\"name\":\"Brock \u2013 Heating &amp; Cooling | Ventilation, &amp; Air Conditioning | HVAC\",\"description\":\"Live in Comfort\",\"publisher\":{\"@id\":\"https:\/\/www.brockhvac.com\/#organization\"},\"potentialAction\":[{\"@type\":\"SearchAction\",\"target\":{\"@type\":\"EntryPoint\",\"urlTemplate\":\"https:\/\/www.brockhvac.com\/?s={search_term_string}\"},\"query-input\":\"required name=search_term_string\"}],\"inLanguage\":\"fr-FR\"},{\"@type\":\"Organization\",\"@id\":\"https:\/\/www.brockhvac.com\/#organization\",\"name\":\"Brock Heating & Cooling\",\"url\":\"https:\/\/www.brockhvac.com\/\",\"logo\":{\"@type\":\"ImageObject\",\"inLanguage\":\"fr-FR\",\"@id\":\"https:\/\/www.brockhvac.com\/#\/schema\/logo\/image\/\",\"url\":\"https:\/\/www.brockhvac.com\/wp-content\/uploads\/2020\/07\/flogo.png\",\"contentUrl\":\"https:\/\/www.brockhvac.com\/wp-content\/uploads\/2020\/07\/flogo.png\",\"width\":290,\"height\":77,\"caption\":\"Brock Heating & Cooling\"},\"image\":{\"@id\":\"https:\/\/www.brockhvac.com\/#\/schema\/logo\/image\/\"}}]}<\/script>\n<!-- \/ Yoast SEO plugin. -->","yoast_head_json":{"title":"Ventilo-convecteur \u00e0 d\u00e9tente directe\u00a0\u2013 capacit\u00e9 de 18\u00a0000\u00a0Btu\/h, fluide frigorig\u00e8ne R410A | Brock \u2013 Heating &amp; Cooling | Ventilation, &amp; Air Conditioning | HVAC","robots":{"index":"index","follow":"follow","max-snippet":"max-snippet:-1","max-image-preview":"max-image-preview:large","max-video-preview":"max-video-preview:-1"},"canonical":"https:\/\/www.brockhvac.com\/fr\/product\/direct-expansion-fan-coil-for-r-410a-18000-capacity\/","og_locale":"fr_FR","og_type":"article","og_title":"Ventilo-convecteur \u00e0 d\u00e9tente directe\u00a0\u2013 capacit\u00e9 de 18\u00a0000\u00a0Btu\/h, fluide frigorig\u00e8ne R410A | Brock \u2013 Heating &amp; Cooling | Ventilation, &amp; Air Conditioning | HVAC","og_description":"Direct Expansion Fan Coil for R-410A 18,000 Capacity","og_url":"https:\/\/www.brockhvac.com\/fr\/product\/direct-expansion-fan-coil-for-r-410a-18000-capacity\/","og_site_name":"Brock \u2013 Heating &amp; Cooling | Ventilation, &amp; Air Conditioning | HVAC","article_modified_time":"2021-07-06T18:30:51+00:00","og_image":[{"width":147,"height":337,"url":"https:\/\/www.brockhvac.com\/wp-content\/uploads\/2020\/07\/fan-coils.png","type":"image\/png"}],"twitter_card":"summary_large_image","twitter_misc":{"Dur\u00e9e de lecture estim\u00e9e":"1 minute"},"schema":{"@context":"https:\/\/schema.org","@graph":[{"@type":"WebPage","@id":"https:\/\/www.brockhvac.com\/fr\/product\/direct-expansion-fan-coil-for-r-410a-18000-capacity\/","url":"https:\/\/www.brockhvac.com\/fr\/product\/direct-expansion-fan-coil-for-r-410a-18000-capacity\/","name":"Ventilo-convecteur \u00e0 d\u00e9tente directe\u00a0\u2013 capacit\u00e9 de 18\u00a0000\u00a0Btu\/h, fluide frigorig\u00e8ne R410A | Brock \u2013 Heating &amp; Cooling | Ventilation, &amp; Air Conditioning | HVAC","isPartOf":{"@id":"https:\/\/www.brockhvac.com\/#website"},"datePublished":"2020-07-02T23:00:12+00:00","dateModified":"2021-07-06T18:30:51+00:00","breadcrumb":{"@id":"https:\/\/www.brockhvac.com\/fr\/product\/direct-expansion-fan-coil-for-r-410a-18000-capacity\/#breadcrumb"},"inLanguage":"fr-FR","potentialAction":[{"@type":"ReadAction","target":["https:\/\/www.brockhvac.com\/fr\/product\/direct-expansion-fan-coil-for-r-410a-18000-capacity\/"]}]},{"@type":"BreadcrumbList","@id":"https:\/\/www.brockhvac.com\/fr\/product\/direct-expansion-fan-coil-for-r-410a-18000-capacity\/#breadcrumb","itemListElement":[{"@type":"ListItem","position":1,"name":"Home","item":"https:\/\/www.brockhvac.com\/fr\/"},{"@type":"ListItem","position":2,"name":"Products","item":"https:\/\/www.brockhvac.com\/products\/"},{"@type":"ListItem","position":3,"name":"Ventilo-convecteur \u00e0 d\u00e9tente directe\u00a0\u2013 capacit\u00e9 de 18\u00a0000\u00a0Btu\/h, fluide frigorig\u00e8ne R410A"}]},{"@type":"WebSite","@id":"https:\/\/www.brockhvac.com\/#website","url":"https:\/\/www.brockhvac.com\/","name":"Brock \u2013 Heating &amp; Cooling | Ventilation, &amp; Air Conditioning | HVAC","description":"Live in Comfort","publisher":{"@id":"https:\/\/www.brockhvac.com\/#organization"},"potentialAction":[{"@type":"SearchAction","target":{"@type":"EntryPoint","urlTemplate":"https:\/\/www.brockhvac.com\/?s={search_term_string}"},"query-input":"required name=search_term_string"}],"inLanguage":"fr-FR"},{"@type":"Organization","@id":"https:\/\/www.brockhvac.com\/#organization","name":"Brock Heating & Cooling","url":"https:\/\/www.brockhvac.com\/","logo":{"@type":"ImageObject","inLanguage":"fr-FR","@id":"https:\/\/www.brockhvac.com\/#\/schema\/logo\/image\/","url":"https:\/\/www.brockhvac.com\/wp-content\/uploads\/2020\/07\/flogo.png","contentUrl":"https:\/\/www.brockhvac.com\/wp-content\/uploads\/2020\/07\/flogo.png","width":290,"height":77,"caption":"Brock Heating & Cooling"},"image":{"@id":"https:\/\/www.brockhvac.com\/#\/schema\/logo\/image\/"}}]}},"_links":{"self":[{"href":"https:\/\/www.brockhvac.com\/fr\/wp-json\/wp\/v2\/product\/719"}],"collection":[{"href":"https:\/\/www.brockhvac.com\/fr\/wp-json\/wp\/v2\/product"}],"about":[{"href":"https:\/\/www.brockhvac.com\/fr\/wp-json\/wp\/v2\/types\/product"}],"replies":[{"embeddable":true,"href":"https:\/\/www.brockhvac.com\/fr\/wp-json\/wp\/v2\/comments?post=719"}],"wp:featuredmedia":[{"embeddable":true,"href":"https:\/\/www.brockhvac.com\/fr\/wp-json\/wp\/v2\/media\/713"}],"wp:attachment":[{"href":"https:\/\/www.brockhvac.com\/fr\/wp-json\/wp\/v2\/media?parent=719"}],"wp:term":[{"taxonomy":"product_cat","embeddable":true,"href":"https:\/\/www.brockhvac.com\/fr\/wp-json\/wp\/v2\/product_cat?post=719"},{"taxonomy":"product_tag","embeddable":true,"href":"https:\/\/www.brockhvac.com\/fr\/wp-json\/wp\/v2\/product_tag?post=719"}],"curies":[{"name":"wp","href":"https:\/\/api.w.org\/{rel}","templated":true}]}}