{"id":724,"date":"2020-07-02T19:00:11","date_gmt":"2020-07-02T23:00:11","guid":{"rendered":"https:\/\/www.brockhvac.com\/product\/single-stage-heat-pump-14s-2-5t-r410a\/"},"modified":"2021-07-06T14:30:51","modified_gmt":"2021-07-06T18:30:51","slug":"thermopompe-14s-de-25-t-a-un-niveau-de-puissance-et-a-fluide-frigorigene-r410a","status":"publish","type":"product","link":"https:\/\/www.brockhvac.com\/fr\/product\/thermopompe-14s-de-25-t-a-un-niveau-de-puissance-et-a-fluide-frigorigene-r410a\/","title":{"rendered":"Thermopompe 14S de 2,5\u00a0t \u00e0 un niveau de puissance et \u00e0 fluide frigorig\u00e8ne R410A"},"content":{"rendered":"<p>&bull; Taux de rendement \u00e9nerg\u00e9tique saisonnier de 14 \/ taux de rendement \u00e9nerg\u00e9tique de 11,5 \u00e0 11,7 \/ coefficient de performance de la saison de chauffage de 8,2<br \/>\n&bull; Syst\u00e8me frigorifique Microtube TechnologyMC<br \/>\n&bull; Accessoires offerts pour la qualit\u00e9 de l&#8217;air \u00e0 l&#8217;int\u00e9rieur<br \/>\n&bull; Niveau sonore de seulement 69 dBA<br \/>\n&bull; Syst\u00e8me compatible avec le r\u00e9glage par thermostat programmable ou standard<br \/>\n&bull; Fluide frigorig\u00e8ne R410A n&#8217;appauvrissant pas la couche d&#8217;ozone<br \/>\n&bull; Soupape de s\u00e9curit\u00e9 interne<br \/>\n&bull; Protection contre la surcharge thermique interne<\/p>\n","protected":false},"excerpt":{"rendered":"<p>Single-Stage Heat Pump 14S 2.5T R410A <\/p>\n","protected":false},"featured_media":704,"comment_status":"open","ping_status":"closed","template":"","meta":[],"product_cat":[43],"product_tag":[],"acf":[],"yoast_head":"<!-- This site is optimized with the Yoast SEO plugin v20.7 - https:\/\/yoast.com\/wordpress\/plugins\/seo\/ -->\n<title>Thermopompe 14S de 2,5\u00a0t \u00e0 un niveau de puissance et \u00e0 fluide frigorig\u00e8ne R410A | Brock \u2013 Heating &amp; Cooling | Ventilation, &amp; Air Conditioning | HVAC<\/title>\n<meta name=\"robots\" content=\"index, follow, max-snippet:-1, max-image-preview:large, max-video-preview:-1\" \/>\n<link rel=\"canonical\" href=\"https:\/\/www.brockhvac.com\/fr\/product\/thermopompe-14s-de-25-t-a-un-niveau-de-puissance-et-a-fluide-frigorigene-r410a\/\" \/>\n<meta property=\"og:locale\" content=\"fr_FR\" \/>\n<meta property=\"og:type\" content=\"article\" \/>\n<meta property=\"og:title\" content=\"Thermopompe 14S de 2,5\u00a0t \u00e0 un niveau de puissance et \u00e0 fluide frigorig\u00e8ne R410A | Brock \u2013 Heating &amp; Cooling | Ventilation, &amp; Air Conditioning | HVAC\" \/>\n<meta property=\"og:description\" content=\"Single-Stage Heat Pump 14S 2.5T R410A\" \/>\n<meta property=\"og:url\" content=\"https:\/\/www.brockhvac.com\/fr\/product\/thermopompe-14s-de-25-t-a-un-niveau-de-puissance-et-a-fluide-frigorigene-r410a\/\" \/>\n<meta property=\"og:site_name\" content=\"Brock \u2013 Heating &amp; Cooling | Ventilation, &amp; Air Conditioning | HVAC\" \/>\n<meta property=\"article:modified_time\" content=\"2021-07-06T18:30:51+00:00\" \/>\n<meta property=\"og:image\" content=\"https:\/\/www.brockhvac.com\/wp-content\/uploads\/2020\/07\/heat-pumps.png\" \/>\n\t<meta property=\"og:image:width\" content=\"259\" \/>\n\t<meta property=\"og:image:height\" content=\"328\" \/>\n\t<meta property=\"og:image:type\" content=\"image\/png\" \/>\n<meta name=\"twitter:card\" content=\"summary_large_image\" \/>\n<script type=\"application\/ld+json\" class=\"yoast-schema-graph\">{\"@context\":\"https:\/\/schema.org\",\"@graph\":[{\"@type\":\"WebPage\",\"@id\":\"https:\/\/www.brockhvac.com\/fr\/product\/thermopompe-14s-de-25-t-a-un-niveau-de-puissance-et-a-fluide-frigorigene-r410a\/\",\"url\":\"https:\/\/www.brockhvac.com\/fr\/product\/thermopompe-14s-de-25-t-a-un-niveau-de-puissance-et-a-fluide-frigorigene-r410a\/\",\"name\":\"Thermopompe 14S de 2,5\u00a0t \u00e0 un niveau de puissance et \u00e0 fluide frigorig\u00e8ne R410A | Brock \u2013 Heating &amp; Cooling | Ventilation, &amp; Air Conditioning | HVAC\",\"isPartOf\":{\"@id\":\"https:\/\/www.brockhvac.com\/#website\"},\"datePublished\":\"2020-07-02T23:00:11+00:00\",\"dateModified\":\"2021-07-06T18:30:51+00:00\",\"breadcrumb\":{\"@id\":\"https:\/\/www.brockhvac.com\/fr\/product\/thermopompe-14s-de-25-t-a-un-niveau-de-puissance-et-a-fluide-frigorigene-r410a\/#breadcrumb\"},\"inLanguage\":\"fr-FR\",\"potentialAction\":[{\"@type\":\"ReadAction\",\"target\":[\"https:\/\/www.brockhvac.com\/fr\/product\/thermopompe-14s-de-25-t-a-un-niveau-de-puissance-et-a-fluide-frigorigene-r410a\/\"]}]},{\"@type\":\"BreadcrumbList\",\"@id\":\"https:\/\/www.brockhvac.com\/fr\/product\/thermopompe-14s-de-25-t-a-un-niveau-de-puissance-et-a-fluide-frigorigene-r410a\/#breadcrumb\",\"itemListElement\":[{\"@type\":\"ListItem\",\"position\":1,\"name\":\"Home\",\"item\":\"https:\/\/www.brockhvac.com\/fr\/\"},{\"@type\":\"ListItem\",\"position\":2,\"name\":\"Products\",\"item\":\"https:\/\/www.brockhvac.com\/products\/\"},{\"@type\":\"ListItem\",\"position\":3,\"name\":\"Thermopompe 14S de 2,5\u00a0t \u00e0 un niveau de puissance et \u00e0 fluide frigorig\u00e8ne R410A\"}]},{\"@type\":\"WebSite\",\"@id\":\"https:\/\/www.brockhvac.com\/#website\",\"url\":\"https:\/\/www.brockhvac.com\/\",\"name\":\"Brock \u2013 Heating &amp; Cooling | Ventilation, &amp; Air Conditioning | HVAC\",\"description\":\"Live in Comfort\",\"publisher\":{\"@id\":\"https:\/\/www.brockhvac.com\/#organization\"},\"potentialAction\":[{\"@type\":\"SearchAction\",\"target\":{\"@type\":\"EntryPoint\",\"urlTemplate\":\"https:\/\/www.brockhvac.com\/?s={search_term_string}\"},\"query-input\":\"required name=search_term_string\"}],\"inLanguage\":\"fr-FR\"},{\"@type\":\"Organization\",\"@id\":\"https:\/\/www.brockhvac.com\/#organization\",\"name\":\"Brock Heating & Cooling\",\"url\":\"https:\/\/www.brockhvac.com\/\",\"logo\":{\"@type\":\"ImageObject\",\"inLanguage\":\"fr-FR\",\"@id\":\"https:\/\/www.brockhvac.com\/#\/schema\/logo\/image\/\",\"url\":\"https:\/\/www.brockhvac.com\/wp-content\/uploads\/2020\/07\/flogo.png\",\"contentUrl\":\"https:\/\/www.brockhvac.com\/wp-content\/uploads\/2020\/07\/flogo.png\",\"width\":290,\"height\":77,\"caption\":\"Brock Heating & Cooling\"},\"image\":{\"@id\":\"https:\/\/www.brockhvac.com\/#\/schema\/logo\/image\/\"}}]}<\/script>\n<!-- \/ Yoast SEO plugin. -->","yoast_head_json":{"title":"Thermopompe 14S de 2,5\u00a0t \u00e0 un niveau de puissance et \u00e0 fluide frigorig\u00e8ne R410A | Brock \u2013 Heating &amp; Cooling | Ventilation, &amp; Air Conditioning | HVAC","robots":{"index":"index","follow":"follow","max-snippet":"max-snippet:-1","max-image-preview":"max-image-preview:large","max-video-preview":"max-video-preview:-1"},"canonical":"https:\/\/www.brockhvac.com\/fr\/product\/thermopompe-14s-de-25-t-a-un-niveau-de-puissance-et-a-fluide-frigorigene-r410a\/","og_locale":"fr_FR","og_type":"article","og_title":"Thermopompe 14S de 2,5\u00a0t \u00e0 un niveau de puissance et \u00e0 fluide frigorig\u00e8ne R410A | Brock \u2013 Heating &amp; Cooling | Ventilation, &amp; Air Conditioning | HVAC","og_description":"Single-Stage Heat Pump 14S 2.5T R410A","og_url":"https:\/\/www.brockhvac.com\/fr\/product\/thermopompe-14s-de-25-t-a-un-niveau-de-puissance-et-a-fluide-frigorigene-r410a\/","og_site_name":"Brock \u2013 Heating &amp; Cooling | Ventilation, &amp; Air Conditioning | HVAC","article_modified_time":"2021-07-06T18:30:51+00:00","og_image":[{"width":259,"height":328,"url":"https:\/\/www.brockhvac.com\/wp-content\/uploads\/2020\/07\/heat-pumps.png","type":"image\/png"}],"twitter_card":"summary_large_image","schema":{"@context":"https:\/\/schema.org","@graph":[{"@type":"WebPage","@id":"https:\/\/www.brockhvac.com\/fr\/product\/thermopompe-14s-de-25-t-a-un-niveau-de-puissance-et-a-fluide-frigorigene-r410a\/","url":"https:\/\/www.brockhvac.com\/fr\/product\/thermopompe-14s-de-25-t-a-un-niveau-de-puissance-et-a-fluide-frigorigene-r410a\/","name":"Thermopompe 14S de 2,5\u00a0t \u00e0 un niveau de puissance et \u00e0 fluide frigorig\u00e8ne R410A | Brock \u2013 Heating &amp; Cooling | Ventilation, &amp; Air Conditioning | HVAC","isPartOf":{"@id":"https:\/\/www.brockhvac.com\/#website"},"datePublished":"2020-07-02T23:00:11+00:00","dateModified":"2021-07-06T18:30:51+00:00","breadcrumb":{"@id":"https:\/\/www.brockhvac.com\/fr\/product\/thermopompe-14s-de-25-t-a-un-niveau-de-puissance-et-a-fluide-frigorigene-r410a\/#breadcrumb"},"inLanguage":"fr-FR","potentialAction":[{"@type":"ReadAction","target":["https:\/\/www.brockhvac.com\/fr\/product\/thermopompe-14s-de-25-t-a-un-niveau-de-puissance-et-a-fluide-frigorigene-r410a\/"]}]},{"@type":"BreadcrumbList","@id":"https:\/\/www.brockhvac.com\/fr\/product\/thermopompe-14s-de-25-t-a-un-niveau-de-puissance-et-a-fluide-frigorigene-r410a\/#breadcrumb","itemListElement":[{"@type":"ListItem","position":1,"name":"Home","item":"https:\/\/www.brockhvac.com\/fr\/"},{"@type":"ListItem","position":2,"name":"Products","item":"https:\/\/www.brockhvac.com\/products\/"},{"@type":"ListItem","position":3,"name":"Thermopompe 14S de 2,5\u00a0t \u00e0 un niveau de puissance et \u00e0 fluide frigorig\u00e8ne R410A"}]},{"@type":"WebSite","@id":"https:\/\/www.brockhvac.com\/#website","url":"https:\/\/www.brockhvac.com\/","name":"Brock \u2013 Heating &amp; Cooling | Ventilation, &amp; Air Conditioning | HVAC","description":"Live in Comfort","publisher":{"@id":"https:\/\/www.brockhvac.com\/#organization"},"potentialAction":[{"@type":"SearchAction","target":{"@type":"EntryPoint","urlTemplate":"https:\/\/www.brockhvac.com\/?s={search_term_string}"},"query-input":"required name=search_term_string"}],"inLanguage":"fr-FR"},{"@type":"Organization","@id":"https:\/\/www.brockhvac.com\/#organization","name":"Brock Heating & Cooling","url":"https:\/\/www.brockhvac.com\/","logo":{"@type":"ImageObject","inLanguage":"fr-FR","@id":"https:\/\/www.brockhvac.com\/#\/schema\/logo\/image\/","url":"https:\/\/www.brockhvac.com\/wp-content\/uploads\/2020\/07\/flogo.png","contentUrl":"https:\/\/www.brockhvac.com\/wp-content\/uploads\/2020\/07\/flogo.png","width":290,"height":77,"caption":"Brock Heating & Cooling"},"image":{"@id":"https:\/\/www.brockhvac.com\/#\/schema\/logo\/image\/"}}]}},"_links":{"self":[{"href":"https:\/\/www.brockhvac.com\/fr\/wp-json\/wp\/v2\/product\/724"}],"collection":[{"href":"https:\/\/www.brockhvac.com\/fr\/wp-json\/wp\/v2\/product"}],"about":[{"href":"https:\/\/www.brockhvac.com\/fr\/wp-json\/wp\/v2\/types\/product"}],"replies":[{"embeddable":true,"href":"https:\/\/www.brockhvac.com\/fr\/wp-json\/wp\/v2\/comments?post=724"}],"wp:featuredmedia":[{"embeddable":true,"href":"https:\/\/www.brockhvac.com\/fr\/wp-json\/wp\/v2\/media\/704"}],"wp:attachment":[{"href":"https:\/\/www.brockhvac.com\/fr\/wp-json\/wp\/v2\/media?parent=724"}],"wp:term":[{"taxonomy":"product_cat","embeddable":true,"href":"https:\/\/www.brockhvac.com\/fr\/wp-json\/wp\/v2\/product_cat?post=724"},{"taxonomy":"product_tag","embeddable":true,"href":"https:\/\/www.brockhvac.com\/fr\/wp-json\/wp\/v2\/product_tag?post=724"}],"curies":[{"name":"wp","href":"https:\/\/api.w.org\/{rel}","templated":true}]}}