{"id":728,"date":"2020-07-02T19:00:10","date_gmt":"2020-07-02T23:00:10","guid":{"rendered":"https:\/\/www.brockhvac.com\/product\/96-variable-speed-two-stage-non-communicating-35-in-condensing-gas-furnace-6\/"},"modified":"2021-07-06T14:30:51","modified_gmt":"2021-07-06T18:30:51","slug":"generateur-dair-chaud-a-condensation-alimente-au-gaz-de-35-po-a-deux-niveaux-de-puissance-a-vitesse-variable-a-rendement-de-96-et-sans-systeme-de-communication-3","status":"publish","type":"product","link":"https:\/\/www.brockhvac.com\/fr\/product\/generateur-dair-chaud-a-condensation-alimente-au-gaz-de-35-po-a-deux-niveaux-de-puissance-a-vitesse-variable-a-rendement-de-96-et-sans-systeme-de-communication-3\/","title":{"rendered":"G\u00e9n\u00e9rateur d&#8217;air chaud \u00e0 condensation aliment\u00e9 au gaz de 35\u00a0po \u00e0 deux niveaux de puissance, \u00e0 vitesse variable, \u00e0 rendement de 96\u00a0% et sans syst\u00e8me de communication"},"content":{"rendered":"<p>&bull; Variable-speed, constant-torque ECM blower motor,<br \/>\ntwo-speed inducer motor, and two-stage gas valve.<br \/>\n&bull; Fully-insulated casing including blower section.<br \/>\n&bull; Aluminized-steel primary heat exchanger.<br \/>\n&bull; Stainless-steel condensing secondary heat exchanger.<br \/>\n&bull; Silicon Nitride Hot Surface Igniter.<br \/>\n&bull; Adjustable blower speed for heating, cooling, continuous<br \/>\nfan, and dehumidification.<br \/>\n&bull; All sizes meet ENERGY STAR\u00ae Version 4.1 criteria for gas<br \/>\nfurnaces: 95.0%+ AFUE.<\/p>\n","protected":false},"excerpt":{"rendered":"<p>96% Variable Speed, Two-Stage Non-Communicating 35-IN Condensing Gas Furnace <\/p>\n","protected":false},"featured_media":727,"comment_status":"open","ping_status":"closed","template":"","meta":[],"product_cat":[40],"product_tag":[],"acf":[],"yoast_head":"<!-- This site is optimized with the Yoast SEO plugin v20.7 - https:\/\/yoast.com\/wordpress\/plugins\/seo\/ -->\n<title>G\u00e9n\u00e9rateur d&#039;air chaud \u00e0 condensation aliment\u00e9 au gaz de 35\u00a0po \u00e0 deux niveaux de puissance, \u00e0 vitesse variable, \u00e0 rendement de 96\u00a0% et sans syst\u00e8me de communication | Brock \u2013 Heating &amp; Cooling | Ventilation, &amp; Air Conditioning | HVAC<\/title>\n<meta name=\"robots\" content=\"index, follow, max-snippet:-1, max-image-preview:large, max-video-preview:-1\" \/>\n<link rel=\"canonical\" href=\"https:\/\/www.brockhvac.com\/fr\/product\/generateur-dair-chaud-a-condensation-alimente-au-gaz-de-35-po-a-deux-niveaux-de-puissance-a-vitesse-variable-a-rendement-de-96-et-sans-systeme-de-communication-3\/\" \/>\n<meta property=\"og:locale\" content=\"fr_FR\" \/>\n<meta property=\"og:type\" content=\"article\" \/>\n<meta property=\"og:title\" content=\"G\u00e9n\u00e9rateur d&#039;air chaud \u00e0 condensation aliment\u00e9 au gaz de 35\u00a0po \u00e0 deux niveaux de puissance, \u00e0 vitesse variable, \u00e0 rendement de 96\u00a0% et sans syst\u00e8me de communication | Brock \u2013 Heating &amp; Cooling | Ventilation, &amp; Air Conditioning | HVAC\" \/>\n<meta property=\"og:description\" content=\"96% Variable Speed, Two-Stage Non-Communicating 35-IN Condensing Gas Furnace\" \/>\n<meta property=\"og:url\" content=\"https:\/\/www.brockhvac.com\/fr\/product\/generateur-dair-chaud-a-condensation-alimente-au-gaz-de-35-po-a-deux-niveaux-de-puissance-a-vitesse-variable-a-rendement-de-96-et-sans-systeme-de-communication-3\/\" \/>\n<meta property=\"og:site_name\" content=\"Brock \u2013 Heating &amp; Cooling | Ventilation, &amp; Air Conditioning | HVAC\" \/>\n<meta property=\"article:modified_time\" content=\"2021-07-06T18:30:51+00:00\" \/>\n<meta property=\"og:image\" content=\"https:\/\/www.brockhvac.com\/wp-content\/uploads\/2020\/07\/brock-gas-furnaces.png\" \/>\n\t<meta property=\"og:image:width\" content=\"207\" \/>\n\t<meta property=\"og:image:height\" content=\"352\" \/>\n\t<meta property=\"og:image:type\" content=\"image\/png\" \/>\n<meta name=\"twitter:card\" content=\"summary_large_image\" \/>\n<script type=\"application\/ld+json\" class=\"yoast-schema-graph\">{\"@context\":\"https:\/\/schema.org\",\"@graph\":[{\"@type\":\"WebPage\",\"@id\":\"https:\/\/www.brockhvac.com\/fr\/product\/generateur-dair-chaud-a-condensation-alimente-au-gaz-de-35-po-a-deux-niveaux-de-puissance-a-vitesse-variable-a-rendement-de-96-et-sans-systeme-de-communication-3\/\",\"url\":\"https:\/\/www.brockhvac.com\/fr\/product\/generateur-dair-chaud-a-condensation-alimente-au-gaz-de-35-po-a-deux-niveaux-de-puissance-a-vitesse-variable-a-rendement-de-96-et-sans-systeme-de-communication-3\/\",\"name\":\"G\u00e9n\u00e9rateur d'air chaud \u00e0 condensation aliment\u00e9 au gaz de 35\u00a0po \u00e0 deux niveaux de puissance, \u00e0 vitesse variable, \u00e0 rendement de 96\u00a0% et sans syst\u00e8me de communication | Brock \u2013 Heating &amp; Cooling | Ventilation, &amp; Air Conditioning | HVAC\",\"isPartOf\":{\"@id\":\"https:\/\/www.brockhvac.com\/#website\"},\"datePublished\":\"2020-07-02T23:00:10+00:00\",\"dateModified\":\"2021-07-06T18:30:51+00:00\",\"breadcrumb\":{\"@id\":\"https:\/\/www.brockhvac.com\/fr\/product\/generateur-dair-chaud-a-condensation-alimente-au-gaz-de-35-po-a-deux-niveaux-de-puissance-a-vitesse-variable-a-rendement-de-96-et-sans-systeme-de-communication-3\/#breadcrumb\"},\"inLanguage\":\"fr-FR\",\"potentialAction\":[{\"@type\":\"ReadAction\",\"target\":[\"https:\/\/www.brockhvac.com\/fr\/product\/generateur-dair-chaud-a-condensation-alimente-au-gaz-de-35-po-a-deux-niveaux-de-puissance-a-vitesse-variable-a-rendement-de-96-et-sans-systeme-de-communication-3\/\"]}]},{\"@type\":\"BreadcrumbList\",\"@id\":\"https:\/\/www.brockhvac.com\/fr\/product\/generateur-dair-chaud-a-condensation-alimente-au-gaz-de-35-po-a-deux-niveaux-de-puissance-a-vitesse-variable-a-rendement-de-96-et-sans-systeme-de-communication-3\/#breadcrumb\",\"itemListElement\":[{\"@type\":\"ListItem\",\"position\":1,\"name\":\"Home\",\"item\":\"https:\/\/www.brockhvac.com\/fr\/\"},{\"@type\":\"ListItem\",\"position\":2,\"name\":\"Products\",\"item\":\"https:\/\/www.brockhvac.com\/products\/\"},{\"@type\":\"ListItem\",\"position\":3,\"name\":\"G\u00e9n\u00e9rateur d&#8217;air chaud \u00e0 condensation aliment\u00e9 au gaz de 35\u00a0po \u00e0 deux niveaux de puissance, \u00e0 vitesse variable, \u00e0 rendement de 96\u00a0% et sans syst\u00e8me de communication\"}]},{\"@type\":\"WebSite\",\"@id\":\"https:\/\/www.brockhvac.com\/#website\",\"url\":\"https:\/\/www.brockhvac.com\/\",\"name\":\"Brock \u2013 Heating &amp; Cooling | Ventilation, &amp; Air Conditioning | HVAC\",\"description\":\"Live in Comfort\",\"publisher\":{\"@id\":\"https:\/\/www.brockhvac.com\/#organization\"},\"potentialAction\":[{\"@type\":\"SearchAction\",\"target\":{\"@type\":\"EntryPoint\",\"urlTemplate\":\"https:\/\/www.brockhvac.com\/?s={search_term_string}\"},\"query-input\":\"required name=search_term_string\"}],\"inLanguage\":\"fr-FR\"},{\"@type\":\"Organization\",\"@id\":\"https:\/\/www.brockhvac.com\/#organization\",\"name\":\"Brock Heating & Cooling\",\"url\":\"https:\/\/www.brockhvac.com\/\",\"logo\":{\"@type\":\"ImageObject\",\"inLanguage\":\"fr-FR\",\"@id\":\"https:\/\/www.brockhvac.com\/#\/schema\/logo\/image\/\",\"url\":\"https:\/\/www.brockhvac.com\/wp-content\/uploads\/2020\/07\/flogo.png\",\"contentUrl\":\"https:\/\/www.brockhvac.com\/wp-content\/uploads\/2020\/07\/flogo.png\",\"width\":290,\"height\":77,\"caption\":\"Brock Heating & Cooling\"},\"image\":{\"@id\":\"https:\/\/www.brockhvac.com\/#\/schema\/logo\/image\/\"}}]}<\/script>\n<!-- \/ Yoast SEO plugin. -->","yoast_head_json":{"title":"G\u00e9n\u00e9rateur d'air chaud \u00e0 condensation aliment\u00e9 au gaz de 35\u00a0po \u00e0 deux niveaux de puissance, \u00e0 vitesse variable, \u00e0 rendement de 96\u00a0% et sans syst\u00e8me de communication | Brock \u2013 Heating &amp; Cooling | Ventilation, &amp; Air Conditioning | HVAC","robots":{"index":"index","follow":"follow","max-snippet":"max-snippet:-1","max-image-preview":"max-image-preview:large","max-video-preview":"max-video-preview:-1"},"canonical":"https:\/\/www.brockhvac.com\/fr\/product\/generateur-dair-chaud-a-condensation-alimente-au-gaz-de-35-po-a-deux-niveaux-de-puissance-a-vitesse-variable-a-rendement-de-96-et-sans-systeme-de-communication-3\/","og_locale":"fr_FR","og_type":"article","og_title":"G\u00e9n\u00e9rateur d'air chaud \u00e0 condensation aliment\u00e9 au gaz de 35\u00a0po \u00e0 deux niveaux de puissance, \u00e0 vitesse variable, \u00e0 rendement de 96\u00a0% et sans syst\u00e8me de communication | Brock \u2013 Heating &amp; Cooling | Ventilation, &amp; Air Conditioning | HVAC","og_description":"96% Variable Speed, Two-Stage Non-Communicating 35-IN Condensing Gas Furnace","og_url":"https:\/\/www.brockhvac.com\/fr\/product\/generateur-dair-chaud-a-condensation-alimente-au-gaz-de-35-po-a-deux-niveaux-de-puissance-a-vitesse-variable-a-rendement-de-96-et-sans-systeme-de-communication-3\/","og_site_name":"Brock \u2013 Heating &amp; Cooling | Ventilation, &amp; Air Conditioning | HVAC","article_modified_time":"2021-07-06T18:30:51+00:00","og_image":[{"width":207,"height":352,"url":"https:\/\/www.brockhvac.com\/wp-content\/uploads\/2020\/07\/brock-gas-furnaces.png","type":"image\/png"}],"twitter_card":"summary_large_image","schema":{"@context":"https:\/\/schema.org","@graph":[{"@type":"WebPage","@id":"https:\/\/www.brockhvac.com\/fr\/product\/generateur-dair-chaud-a-condensation-alimente-au-gaz-de-35-po-a-deux-niveaux-de-puissance-a-vitesse-variable-a-rendement-de-96-et-sans-systeme-de-communication-3\/","url":"https:\/\/www.brockhvac.com\/fr\/product\/generateur-dair-chaud-a-condensation-alimente-au-gaz-de-35-po-a-deux-niveaux-de-puissance-a-vitesse-variable-a-rendement-de-96-et-sans-systeme-de-communication-3\/","name":"G\u00e9n\u00e9rateur d'air chaud \u00e0 condensation aliment\u00e9 au gaz de 35\u00a0po \u00e0 deux niveaux de puissance, \u00e0 vitesse variable, \u00e0 rendement de 96\u00a0% et sans syst\u00e8me de communication | Brock \u2013 Heating &amp; Cooling | Ventilation, &amp; Air Conditioning | HVAC","isPartOf":{"@id":"https:\/\/www.brockhvac.com\/#website"},"datePublished":"2020-07-02T23:00:10+00:00","dateModified":"2021-07-06T18:30:51+00:00","breadcrumb":{"@id":"https:\/\/www.brockhvac.com\/fr\/product\/generateur-dair-chaud-a-condensation-alimente-au-gaz-de-35-po-a-deux-niveaux-de-puissance-a-vitesse-variable-a-rendement-de-96-et-sans-systeme-de-communication-3\/#breadcrumb"},"inLanguage":"fr-FR","potentialAction":[{"@type":"ReadAction","target":["https:\/\/www.brockhvac.com\/fr\/product\/generateur-dair-chaud-a-condensation-alimente-au-gaz-de-35-po-a-deux-niveaux-de-puissance-a-vitesse-variable-a-rendement-de-96-et-sans-systeme-de-communication-3\/"]}]},{"@type":"BreadcrumbList","@id":"https:\/\/www.brockhvac.com\/fr\/product\/generateur-dair-chaud-a-condensation-alimente-au-gaz-de-35-po-a-deux-niveaux-de-puissance-a-vitesse-variable-a-rendement-de-96-et-sans-systeme-de-communication-3\/#breadcrumb","itemListElement":[{"@type":"ListItem","position":1,"name":"Home","item":"https:\/\/www.brockhvac.com\/fr\/"},{"@type":"ListItem","position":2,"name":"Products","item":"https:\/\/www.brockhvac.com\/products\/"},{"@type":"ListItem","position":3,"name":"G\u00e9n\u00e9rateur d&#8217;air chaud \u00e0 condensation aliment\u00e9 au gaz de 35\u00a0po \u00e0 deux niveaux de puissance, \u00e0 vitesse variable, \u00e0 rendement de 96\u00a0% et sans syst\u00e8me de communication"}]},{"@type":"WebSite","@id":"https:\/\/www.brockhvac.com\/#website","url":"https:\/\/www.brockhvac.com\/","name":"Brock \u2013 Heating &amp; Cooling | Ventilation, &amp; Air Conditioning | HVAC","description":"Live in Comfort","publisher":{"@id":"https:\/\/www.brockhvac.com\/#organization"},"potentialAction":[{"@type":"SearchAction","target":{"@type":"EntryPoint","urlTemplate":"https:\/\/www.brockhvac.com\/?s={search_term_string}"},"query-input":"required name=search_term_string"}],"inLanguage":"fr-FR"},{"@type":"Organization","@id":"https:\/\/www.brockhvac.com\/#organization","name":"Brock Heating & Cooling","url":"https:\/\/www.brockhvac.com\/","logo":{"@type":"ImageObject","inLanguage":"fr-FR","@id":"https:\/\/www.brockhvac.com\/#\/schema\/logo\/image\/","url":"https:\/\/www.brockhvac.com\/wp-content\/uploads\/2020\/07\/flogo.png","contentUrl":"https:\/\/www.brockhvac.com\/wp-content\/uploads\/2020\/07\/flogo.png","width":290,"height":77,"caption":"Brock Heating & Cooling"},"image":{"@id":"https:\/\/www.brockhvac.com\/#\/schema\/logo\/image\/"}}]}},"_links":{"self":[{"href":"https:\/\/www.brockhvac.com\/fr\/wp-json\/wp\/v2\/product\/728"}],"collection":[{"href":"https:\/\/www.brockhvac.com\/fr\/wp-json\/wp\/v2\/product"}],"about":[{"href":"https:\/\/www.brockhvac.com\/fr\/wp-json\/wp\/v2\/types\/product"}],"replies":[{"embeddable":true,"href":"https:\/\/www.brockhvac.com\/fr\/wp-json\/wp\/v2\/comments?post=728"}],"wp:featuredmedia":[{"embeddable":true,"href":"https:\/\/www.brockhvac.com\/fr\/wp-json\/wp\/v2\/media\/727"}],"wp:attachment":[{"href":"https:\/\/www.brockhvac.com\/fr\/wp-json\/wp\/v2\/media?parent=728"}],"wp:term":[{"taxonomy":"product_cat","embeddable":true,"href":"https:\/\/www.brockhvac.com\/fr\/wp-json\/wp\/v2\/product_cat?post=728"},{"taxonomy":"product_tag","embeddable":true,"href":"https:\/\/www.brockhvac.com\/fr\/wp-json\/wp\/v2\/product_tag?post=728"}],"curies":[{"name":"wp","href":"https:\/\/api.w.org\/{rel}","templated":true}]}}