{"id":792,"date":"2020-07-02T19:00:09","date_gmt":"2020-07-02T23:00:09","guid":{"rendered":"https:\/\/www.brockhvac.com\/product\/95-1-stg-ecm-35-in-condensing-gas-furnace-10\/"},"modified":"2021-07-06T14:30:53","modified_gmt":"2021-07-06T18:30:53","slug":"generateur-dair-chaud-a-condensation-et-a-un-niveau-de-puissance-de-35-po-alimente-au-gaz-avec-mce-et-rendement-de-95-10","status":"publish","type":"product","link":"https:\/\/www.brockhvac.com\/fr\/product\/generateur-dair-chaud-a-condensation-et-a-un-niveau-de-puissance-de-35-po-alimente-au-gaz-avec-mce-et-rendement-de-95-10\/","title":{"rendered":"G\u00e9n\u00e9rateur d&#8217;air chaud \u00e0 condensation et \u00e0 un niveau de puissance de 35\u00a0po aliment\u00e9 au gaz, avec MCE et rendement de 95\u00a0%"},"content":{"rendered":"<p>&bull; Moteur de ventilateur \u00e0 commutation \u00e9lectronique et \u00e0 couple constant \u00e0 des vitesses fixes offrant un fonctionnement efficace tout au long de l&#8217;ann\u00e9e pour le chauffage, le refroidissement et l&#8217;utilisation continue du ventilateur.<br \/>\n&bull; Moteur de ventilateur de tirage induit \u00e0 une seule vitesse et valve \u00e0 gaz \u00e0 un niveau de puissance.<br \/>\n&bull; Allumeur de surface chaude en nitrure de silicium.<br \/>\n&bull; Vitesse de ventilateur r\u00e9glable pour le chauffage et le refroidissement.<br \/>\n&bull; \u00c9changeur de chaleur primaire en acier alumini\u00e9.<br \/>\n&bull; \u00c9changeur de chaleur secondaire \u00e0 condensation en acier inoxydable.<br \/>\n&bull; Toutes les tailles r\u00e9pondent aux crit\u00e8res de la version 4.1 de la certification ENERGY STARMD pour les g\u00e9n\u00e9rateurs d&#8217;air chaud \u00e0 gaz : rendement \u00e9nerg\u00e9tique annuel de 95 %.&#8221;<\/p>\n","protected":false},"excerpt":{"rendered":"<p>95% 1-STG ECM 35-IN Condensing Gas Furnace<\/p>\n","protected":false},"featured_media":727,"comment_status":"open","ping_status":"closed","template":"","meta":[],"product_cat":[41],"product_tag":[],"acf":[],"yoast_head":"<!-- This site is optimized with the Yoast SEO plugin v20.7 - https:\/\/yoast.com\/wordpress\/plugins\/seo\/ -->\n<title>G\u00e9n\u00e9rateur d&#039;air chaud \u00e0 condensation et \u00e0 un niveau de puissance de 35\u00a0po aliment\u00e9 au gaz, avec MCE et rendement de 95\u00a0% | Brock \u2013 Heating &amp; Cooling | Ventilation, &amp; Air Conditioning | HVAC<\/title>\n<meta name=\"robots\" content=\"index, follow, max-snippet:-1, max-image-preview:large, max-video-preview:-1\" \/>\n<link rel=\"canonical\" href=\"https:\/\/www.brockhvac.com\/fr\/product\/generateur-dair-chaud-a-condensation-et-a-un-niveau-de-puissance-de-35-po-alimente-au-gaz-avec-mce-et-rendement-de-95-10\/\" \/>\n<meta property=\"og:locale\" content=\"fr_FR\" \/>\n<meta property=\"og:type\" content=\"article\" \/>\n<meta property=\"og:title\" content=\"G\u00e9n\u00e9rateur d&#039;air chaud \u00e0 condensation et \u00e0 un niveau de puissance de 35\u00a0po aliment\u00e9 au gaz, avec MCE et rendement de 95\u00a0% | Brock \u2013 Heating &amp; Cooling | Ventilation, &amp; Air Conditioning | HVAC\" \/>\n<meta property=\"og:description\" content=\"95% 1-STG ECM 35-IN Condensing Gas Furnace\" \/>\n<meta property=\"og:url\" content=\"https:\/\/www.brockhvac.com\/fr\/product\/generateur-dair-chaud-a-condensation-et-a-un-niveau-de-puissance-de-35-po-alimente-au-gaz-avec-mce-et-rendement-de-95-10\/\" \/>\n<meta property=\"og:site_name\" content=\"Brock \u2013 Heating &amp; Cooling | Ventilation, &amp; Air Conditioning | HVAC\" \/>\n<meta property=\"article:modified_time\" content=\"2021-07-06T18:30:53+00:00\" \/>\n<meta property=\"og:image\" content=\"https:\/\/www.brockhvac.com\/wp-content\/uploads\/2020\/07\/brock-gas-furnaces.png\" \/>\n\t<meta property=\"og:image:width\" content=\"207\" \/>\n\t<meta property=\"og:image:height\" content=\"352\" \/>\n\t<meta property=\"og:image:type\" content=\"image\/png\" \/>\n<meta name=\"twitter:card\" content=\"summary_large_image\" \/>\n<meta name=\"twitter:label1\" content=\"Dur\u00e9e de lecture estim\u00e9e\" \/>\n\t<meta name=\"twitter:data1\" content=\"1 minute\" \/>\n<script type=\"application\/ld+json\" class=\"yoast-schema-graph\">{\"@context\":\"https:\/\/schema.org\",\"@graph\":[{\"@type\":\"WebPage\",\"@id\":\"https:\/\/www.brockhvac.com\/fr\/product\/generateur-dair-chaud-a-condensation-et-a-un-niveau-de-puissance-de-35-po-alimente-au-gaz-avec-mce-et-rendement-de-95-10\/\",\"url\":\"https:\/\/www.brockhvac.com\/fr\/product\/generateur-dair-chaud-a-condensation-et-a-un-niveau-de-puissance-de-35-po-alimente-au-gaz-avec-mce-et-rendement-de-95-10\/\",\"name\":\"G\u00e9n\u00e9rateur d'air chaud \u00e0 condensation et \u00e0 un niveau de puissance de 35\u00a0po aliment\u00e9 au gaz, avec MCE et rendement de 95\u00a0% | Brock \u2013 Heating &amp; Cooling | Ventilation, &amp; Air Conditioning | HVAC\",\"isPartOf\":{\"@id\":\"https:\/\/www.brockhvac.com\/#website\"},\"datePublished\":\"2020-07-02T23:00:09+00:00\",\"dateModified\":\"2021-07-06T18:30:53+00:00\",\"breadcrumb\":{\"@id\":\"https:\/\/www.brockhvac.com\/fr\/product\/generateur-dair-chaud-a-condensation-et-a-un-niveau-de-puissance-de-35-po-alimente-au-gaz-avec-mce-et-rendement-de-95-10\/#breadcrumb\"},\"inLanguage\":\"fr-FR\",\"potentialAction\":[{\"@type\":\"ReadAction\",\"target\":[\"https:\/\/www.brockhvac.com\/fr\/product\/generateur-dair-chaud-a-condensation-et-a-un-niveau-de-puissance-de-35-po-alimente-au-gaz-avec-mce-et-rendement-de-95-10\/\"]}]},{\"@type\":\"BreadcrumbList\",\"@id\":\"https:\/\/www.brockhvac.com\/fr\/product\/generateur-dair-chaud-a-condensation-et-a-un-niveau-de-puissance-de-35-po-alimente-au-gaz-avec-mce-et-rendement-de-95-10\/#breadcrumb\",\"itemListElement\":[{\"@type\":\"ListItem\",\"position\":1,\"name\":\"Home\",\"item\":\"https:\/\/www.brockhvac.com\/fr\/\"},{\"@type\":\"ListItem\",\"position\":2,\"name\":\"Products\",\"item\":\"https:\/\/www.brockhvac.com\/products\/\"},{\"@type\":\"ListItem\",\"position\":3,\"name\":\"G\u00e9n\u00e9rateur d&#8217;air chaud \u00e0 condensation et \u00e0 un niveau de puissance de 35\u00a0po aliment\u00e9 au gaz, avec MCE et rendement de 95\u00a0%\"}]},{\"@type\":\"WebSite\",\"@id\":\"https:\/\/www.brockhvac.com\/#website\",\"url\":\"https:\/\/www.brockhvac.com\/\",\"name\":\"Brock \u2013 Heating &amp; Cooling | Ventilation, &amp; Air Conditioning | HVAC\",\"description\":\"Live in Comfort\",\"publisher\":{\"@id\":\"https:\/\/www.brockhvac.com\/#organization\"},\"potentialAction\":[{\"@type\":\"SearchAction\",\"target\":{\"@type\":\"EntryPoint\",\"urlTemplate\":\"https:\/\/www.brockhvac.com\/?s={search_term_string}\"},\"query-input\":\"required name=search_term_string\"}],\"inLanguage\":\"fr-FR\"},{\"@type\":\"Organization\",\"@id\":\"https:\/\/www.brockhvac.com\/#organization\",\"name\":\"Brock Heating & Cooling\",\"url\":\"https:\/\/www.brockhvac.com\/\",\"logo\":{\"@type\":\"ImageObject\",\"inLanguage\":\"fr-FR\",\"@id\":\"https:\/\/www.brockhvac.com\/#\/schema\/logo\/image\/\",\"url\":\"https:\/\/www.brockhvac.com\/wp-content\/uploads\/2020\/07\/flogo.png\",\"contentUrl\":\"https:\/\/www.brockhvac.com\/wp-content\/uploads\/2020\/07\/flogo.png\",\"width\":290,\"height\":77,\"caption\":\"Brock Heating & Cooling\"},\"image\":{\"@id\":\"https:\/\/www.brockhvac.com\/#\/schema\/logo\/image\/\"}}]}<\/script>\n<!-- \/ Yoast SEO plugin. -->","yoast_head_json":{"title":"G\u00e9n\u00e9rateur d'air chaud \u00e0 condensation et \u00e0 un niveau de puissance de 35\u00a0po aliment\u00e9 au gaz, avec MCE et rendement de 95\u00a0% | Brock \u2013 Heating &amp; Cooling | Ventilation, &amp; Air Conditioning | HVAC","robots":{"index":"index","follow":"follow","max-snippet":"max-snippet:-1","max-image-preview":"max-image-preview:large","max-video-preview":"max-video-preview:-1"},"canonical":"https:\/\/www.brockhvac.com\/fr\/product\/generateur-dair-chaud-a-condensation-et-a-un-niveau-de-puissance-de-35-po-alimente-au-gaz-avec-mce-et-rendement-de-95-10\/","og_locale":"fr_FR","og_type":"article","og_title":"G\u00e9n\u00e9rateur d'air chaud \u00e0 condensation et \u00e0 un niveau de puissance de 35\u00a0po aliment\u00e9 au gaz, avec MCE et rendement de 95\u00a0% | Brock \u2013 Heating &amp; Cooling | Ventilation, &amp; Air Conditioning | HVAC","og_description":"95% 1-STG ECM 35-IN Condensing Gas Furnace","og_url":"https:\/\/www.brockhvac.com\/fr\/product\/generateur-dair-chaud-a-condensation-et-a-un-niveau-de-puissance-de-35-po-alimente-au-gaz-avec-mce-et-rendement-de-95-10\/","og_site_name":"Brock \u2013 Heating &amp; Cooling | Ventilation, &amp; Air Conditioning | HVAC","article_modified_time":"2021-07-06T18:30:53+00:00","og_image":[{"width":207,"height":352,"url":"https:\/\/www.brockhvac.com\/wp-content\/uploads\/2020\/07\/brock-gas-furnaces.png","type":"image\/png"}],"twitter_card":"summary_large_image","twitter_misc":{"Dur\u00e9e de lecture estim\u00e9e":"1 minute"},"schema":{"@context":"https:\/\/schema.org","@graph":[{"@type":"WebPage","@id":"https:\/\/www.brockhvac.com\/fr\/product\/generateur-dair-chaud-a-condensation-et-a-un-niveau-de-puissance-de-35-po-alimente-au-gaz-avec-mce-et-rendement-de-95-10\/","url":"https:\/\/www.brockhvac.com\/fr\/product\/generateur-dair-chaud-a-condensation-et-a-un-niveau-de-puissance-de-35-po-alimente-au-gaz-avec-mce-et-rendement-de-95-10\/","name":"G\u00e9n\u00e9rateur d'air chaud \u00e0 condensation et \u00e0 un niveau de puissance de 35\u00a0po aliment\u00e9 au gaz, avec MCE et rendement de 95\u00a0% | Brock \u2013 Heating &amp; Cooling | Ventilation, &amp; Air Conditioning | HVAC","isPartOf":{"@id":"https:\/\/www.brockhvac.com\/#website"},"datePublished":"2020-07-02T23:00:09+00:00","dateModified":"2021-07-06T18:30:53+00:00","breadcrumb":{"@id":"https:\/\/www.brockhvac.com\/fr\/product\/generateur-dair-chaud-a-condensation-et-a-un-niveau-de-puissance-de-35-po-alimente-au-gaz-avec-mce-et-rendement-de-95-10\/#breadcrumb"},"inLanguage":"fr-FR","potentialAction":[{"@type":"ReadAction","target":["https:\/\/www.brockhvac.com\/fr\/product\/generateur-dair-chaud-a-condensation-et-a-un-niveau-de-puissance-de-35-po-alimente-au-gaz-avec-mce-et-rendement-de-95-10\/"]}]},{"@type":"BreadcrumbList","@id":"https:\/\/www.brockhvac.com\/fr\/product\/generateur-dair-chaud-a-condensation-et-a-un-niveau-de-puissance-de-35-po-alimente-au-gaz-avec-mce-et-rendement-de-95-10\/#breadcrumb","itemListElement":[{"@type":"ListItem","position":1,"name":"Home","item":"https:\/\/www.brockhvac.com\/fr\/"},{"@type":"ListItem","position":2,"name":"Products","item":"https:\/\/www.brockhvac.com\/products\/"},{"@type":"ListItem","position":3,"name":"G\u00e9n\u00e9rateur d&#8217;air chaud \u00e0 condensation et \u00e0 un niveau de puissance de 35\u00a0po aliment\u00e9 au gaz, avec MCE et rendement de 95\u00a0%"}]},{"@type":"WebSite","@id":"https:\/\/www.brockhvac.com\/#website","url":"https:\/\/www.brockhvac.com\/","name":"Brock \u2013 Heating &amp; Cooling | Ventilation, &amp; Air Conditioning | HVAC","description":"Live in Comfort","publisher":{"@id":"https:\/\/www.brockhvac.com\/#organization"},"potentialAction":[{"@type":"SearchAction","target":{"@type":"EntryPoint","urlTemplate":"https:\/\/www.brockhvac.com\/?s={search_term_string}"},"query-input":"required name=search_term_string"}],"inLanguage":"fr-FR"},{"@type":"Organization","@id":"https:\/\/www.brockhvac.com\/#organization","name":"Brock Heating & Cooling","url":"https:\/\/www.brockhvac.com\/","logo":{"@type":"ImageObject","inLanguage":"fr-FR","@id":"https:\/\/www.brockhvac.com\/#\/schema\/logo\/image\/","url":"https:\/\/www.brockhvac.com\/wp-content\/uploads\/2020\/07\/flogo.png","contentUrl":"https:\/\/www.brockhvac.com\/wp-content\/uploads\/2020\/07\/flogo.png","width":290,"height":77,"caption":"Brock Heating & Cooling"},"image":{"@id":"https:\/\/www.brockhvac.com\/#\/schema\/logo\/image\/"}}]}},"_links":{"self":[{"href":"https:\/\/www.brockhvac.com\/fr\/wp-json\/wp\/v2\/product\/792"}],"collection":[{"href":"https:\/\/www.brockhvac.com\/fr\/wp-json\/wp\/v2\/product"}],"about":[{"href":"https:\/\/www.brockhvac.com\/fr\/wp-json\/wp\/v2\/types\/product"}],"replies":[{"embeddable":true,"href":"https:\/\/www.brockhvac.com\/fr\/wp-json\/wp\/v2\/comments?post=792"}],"wp:featuredmedia":[{"embeddable":true,"href":"https:\/\/www.brockhvac.com\/fr\/wp-json\/wp\/v2\/media\/727"}],"wp:attachment":[{"href":"https:\/\/www.brockhvac.com\/fr\/wp-json\/wp\/v2\/media?parent=792"}],"wp:term":[{"taxonomy":"product_cat","embeddable":true,"href":"https:\/\/www.brockhvac.com\/fr\/wp-json\/wp\/v2\/product_cat?post=792"},{"taxonomy":"product_tag","embeddable":true,"href":"https:\/\/www.brockhvac.com\/fr\/wp-json\/wp\/v2\/product_tag?post=792"}],"curies":[{"name":"wp","href":"https:\/\/api.w.org\/{rel}","templated":true}]}}